{"id":101,"date":"2020-02-03T08:25:10","date_gmt":"2020-02-03T08:25:10","guid":{"rendered":"http:\/\/euofchurch.org\/?page_id=101"},"modified":"2025-04-29T00:28:02","modified_gmt":"2025-04-29T00:28:02","slug":"about","status":"publish","type":"page","link":"https:\/\/euofchurch.org\/fr\/about\/","title":{"rendered":"About"},"content":{"rendered":"<p>[et_pb_section fb_built=&#8221;1&#8243; _builder_version=&#8221;4.0.9&#8243; background_image=&#8221;http:\/\/euofchurch.org\/wp-content\/uploads\/2020\/01\/color-strip.png&#8221; background_size=&#8221;contain&#8221; background_position=&#8221;top_center&#8221; custom_padding=&#8221;||45px|||&#8221;][et_pb_row _builder_version=&#8221;4.0.9&#8243; custom_margin=&#8221;40px|auto||auto||&#8221;][et_pb_column type=&#8221;4_4&#8243; _builder_version=&#8221;4.0.9&#8243;][et_pb_text _builder_version=&#8221;4.0.9&#8243; header_2_font=&#8221;|600|||||||&#8221; header_2_font_size=&#8221;32px&#8221; custom_margin=&#8221;||8px|||&#8221;]<\/p>\n<h2>\u00c0 propos d'EUOF<\/h2>\n<p>[\/et_pb_text][et_pb_text _builder_version=&#8221;4.0.9&#8243; text_text_color=&#8221;#48a4db&#8221;]<\/p>\n<p class=\"p1\"><span class=\"s1\"><i>Comme l'a dit notre pasteur principal et fondateur, le pasteur Provide Providence. <\/i><\/span><\/p>\n<p>[\/et_pb_text][\/et_pb_column][\/et_pb_row][et_pb_row column_structure=&#8221;1_2,1_2&#8243; _builder_version=&#8221;4.2.2&#8243; custom_padding=&#8221;0px|||||&#8221;][et_pb_column type=&#8221;1_2&#8243; _builder_version=&#8221;4.2.2&#8243;][et_pb_text _builder_version=&#8221;4.0.9&#8243; text_line_height=&#8221;1.8em&#8221;]<\/p>\n<p class=\"p1\"><span class=\"s1\">Notre \u00e9glise a commenc\u00e9 \u00e0 Boca Raton en 1999. Tout au long de ma vie, j'ai voyag\u00e9 dans de nombreux endroits. Je suis all\u00e9 dans des endroits comme Ha\u00efti - mon pays d'origine, New York - o\u00f9 j'ai v\u00e9cu une partie de ma vie, et ici en Floride - o\u00f9 je r\u00e9side maintenant. J'ai vu beaucoup de choses. J'ai \u00e9t\u00e9 t\u00e9moin de difficult\u00e9s que les gens rencontrent tous les jours dans leur vie et j'ai r\u00e9alis\u00e9 que quelque chose devait \u00eatre fait.\u00a0<\/span><\/p>\n<p>[\/et_pb_text][\/et_pb_column][et_pb_column type=&#8221;1_2&#8243; _builder_version=&#8221;4.2.2&#8243;][et_pb_text _builder_version=&#8221;4.2.2&#8243;]<span class=\"s1\">Pour apporter des changements, nous, la communaut\u00e9, devons rassembler nos t\u00eates. Le voyage pour y arriver n'a pas \u00e9t\u00e9 facile, mais il en vaut la peine. Nous sommes une organisation \u00e0 but non lucratif; notre objectif n'est pas de juger mais d'aider les autres. Nous avons acquis les formulaires 501 C3 et Exon\u00e9ration fiscale en mars 2000. Ces formulaires aideront ceux qui sont pr\u00eats \u00e0 nous aider; donner, c'est recevoir, alors donnez de tout votre c\u0153ur.<\/span>[\/et_pb_text][\/et_pb_column][\/et_pb_row][\/et_pb_section][et_pb_section fb_built=&#8221;1&#8243; _builder_version=&#8221;4.2.2&#8243; custom_margin=&#8221;||-3px|||&#8221; custom_padding=&#8221;0px||1px|||&#8221;][et_pb_row _builder_version=&#8221;4.2.2&#8243; custom_padding=&#8221;0px||0px|||&#8221;][et_pb_column type=&#8221;4_4&#8243; _builder_version=&#8221;4.2.2&#8243;][et_pb_image src=&#8221;http:\/\/euofchurch.org\/wp-content\/uploads\/2020\/03\/decor-about.jpg&#8221; _builder_version=&#8221;4.2.2&#8243; custom_margin=&#8221;||2px|||&#8221;][\/et_pb_image][\/et_pb_column][\/et_pb_row][\/et_pb_section][et_pb_section fb_built=&#8221;1&#8243; _builder_version=&#8221;4.0.9&#8243; custom_margin=&#8221;||0px|||&#8221; custom_padding=&#8221;0px|||||&#8221;][et_pb_row column_structure=&#8221;1_3,2_3&#8243; _builder_version=&#8221;4.2.2&#8243; custom_margin=&#8221;0px|auto||auto|false|false&#8221; custom_padding=&#8221;0px|||||&#8221;][et_pb_column type=&#8221;1_3&#8243; _builder_version=&#8221;4.0.9&#8243;][et_pb_image src=&#8221;http:\/\/euofchurch.org\/wp-content\/uploads\/2020\/03\/pp.jpg&#8221; _builder_version=&#8221;4.2.2&#8243; custom_padding=&#8221;|0px||||&#8221; custom_padding_tablet=&#8221;|244px|||false|false&#8221; custom_padding_phone=&#8221;|0px|||false|false&#8221; custom_padding_last_edited=&#8221;on|phone&#8221;][\/et_pb_image][et_pb_text _builder_version=&#8221;4.0.9&#8243; text_text_color=&#8221;#000000&#8243; text_font_size=&#8221;12px&#8221; text_line_height=&#8221;1.4em&#8221;]<\/p>\n<p class=\"p1\"><span class=\"s1\"><b>Reverend<span class=\"Apple-converted-space\">\u00a0 <\/span>Provide Providence<br \/>\n<\/b><\/span><span class=\"s1\">Senior Pastor<\/span><\/p>\n<p>[\/et_pb_text][\/et_pb_column][et_pb_column type=&#8221;2_3&#8243; _builder_version=&#8221;4.0.9&#8243;][et_pb_text _builder_version=&#8221;4.0.9&#8243; header_2_font=&#8221;||||||||&#8221; header_2_font_size=&#8221;32px&#8221; custom_margin=&#8221;||8px|-1px||&#8221; custom_padding=&#8221;80px|||||&#8221;]<\/p>\n<h2>Notre vision<\/h2>\n<p>[\/et_pb_text][et_pb_text _builder_version=&#8221;4.0.9&#8243; text_line_height=&#8221;1.8em&#8221; custom_padding=&#8221;|0px||||&#8221;]<\/p>\n<p class=\"p1\"><span class=\"s1\">In order to better serve and transform the community, our brothers and sisters need to be like \u2018light &amp; salt\u2019. Metaphorically speaking, light is the opposite of darkness, it shows us the way. <\/span><\/p>\n<p class=\"p1\"><span class=\"s1\">To further clarify this statement, we can look at this example, when one is lost in the dark; they seek for luminosity, a beacon to guide them back to reality. The unabridged dictionary defines light as \u2018something that makes things visible\u2019 and salt as \u2018an element that gives liveliness, piquancy, or pungency\u2019. For our purpose, we envision salt as a preserver. For instance, raw meat needs salt in order to not spoil, just like we need the Word of the Lord to preserve our souls as we wait for Judgement Day. <\/span><\/p>\n<p class=\"p1\"><span class=\"s1\">Les gens sont souvent dans le noir spirituellement, et en tant que serviteurs du Seigneur, nous voulons aider \u00e0 \u00e9largir l'horizon en diffusant la lumi\u00e8re, pour \u00e9clairer leur chemin vers le Seigneur.<\/span><\/p>\n<p>[\/et_pb_text][et_pb_image src=&#8221;http:\/\/euofchurch.org\/wp-content\/uploads\/2020\/05\/provide-couple.jpg&#8221; _builder_version=&#8221;4.2.2&#8243; custom_padding=&#8221;|460px|||false|false&#8221; custom_padding_tablet=&#8221;|290px|||false|false&#8221; custom_padding_phone=&#8221;|0px|||false|false&#8221; custom_padding_last_edited=&#8221;on|desktop&#8221;][\/et_pb_image][\/et_pb_column][\/et_pb_row][\/et_pb_section][et_pb_section fb_built=&#8221;1&#8243; _builder_version=&#8221;4.2.2&#8243;][et_pb_row column_structure=&#8221;1_3,2_3&#8243; use_custom_gutter=&#8221;on&#8221; gutter_width=&#8221;1&#8243; make_equal=&#8221;on&#8221; _builder_version=&#8221;4.2.2&#8243; custom_padding=&#8221;0px||0px|||&#8221;][et_pb_column type=&#8221;1_3&#8243; _builder_version=&#8221;4.2.2&#8243; background_color=&#8221;#f4fbff&#8221; custom_padding=&#8221;40px||40px||true|false&#8221;][et_pb_image src=&#8221;http:\/\/euofchurch.org\/wp-content\/uploads\/2020\/02\/logo-blue.png&#8221; align=&#8221;center&#8221; _builder_version=&#8221;4.0.9&#8243; custom_margin=&#8221;||15px|||&#8221;][\/et_pb_image][et_pb_text _builder_version=&#8221;4.0.9&#8243; text_text_color=&#8221;#48a4db&#8221; text_orientation=&#8221;center&#8221; custom_padding=&#8221;|60px|24px|60px|false|true&#8221;]<\/p>\n<p class=\"p1\"><span class=\"s1\">Let your light shine before others, that they may see your good deeds and glorify your Father in heaven.<\/span><\/p>\n<p>[\/et_pb_text][et_pb_text _builder_version=&#8221;4.0.9&#8243; text_font=&#8221;|||on|||||&#8221; text_text_color=&#8221;#48a4db&#8221; text_font_size=&#8221;11px&#8221; text_orientation=&#8221;center&#8221;]<\/p>\n<p class=\"p1\"><span class=\"s1\"><b>MATTHEW 5:16<\/b><\/span><\/p>\n<p>[\/et_pb_text][\/et_pb_column][et_pb_column type=&#8221;2_3&#8243; _builder_version=&#8221;4.2.2&#8243;][et_pb_image src=&#8221;http:\/\/euofchurch.org\/wp-content\/uploads\/2020\/01\/pic-kid-praying.png&#8221; _builder_version=&#8221;4.2.2&#8243;][\/et_pb_image][\/et_pb_column][\/et_pb_row][\/et_pb_section][et_pb_section fb_built=&#8221;1&#8243; _builder_version=&#8221;4.0.9&#8243; custom_padding=&#8221;0px|||||&#8221; global_module=&#8221;157&#8243; collapsed=&#8221;off&#8221;][et_pb_row column_structure=&#8221;1_3,1_3,1_3&#8243; use_custom_gutter=&#8221;on&#8221; gutter_width=&#8221;1&#8243; _builder_version=&#8221;4.2.2&#8243; max_width=&#8221;600px&#8221; module_alignment=&#8221;center&#8221;][et_pb_column type=&#8221;1_3&#8243; _builder_version=&#8221;4.2.2&#8243;][et_pb_image src=&#8221;http:\/\/euofchurch.org\/wp-content\/uploads\/2020\/03\/icon-ig.jpg&#8221; url=&#8221;https:\/\/www.instagram.com\/euofchurch\/&#8221; url_new_window=&#8221;on&#8221; align=&#8221;center&#8221; _builder_version=&#8221;4.2.2&#8243; custom_margin=&#8221;|50px||50px|false|true&#8221; custom_margin_tablet=&#8221;|190px||190px|false|true&#8221; custom_margin_phone=&#8221;|110px||110px|false|true&#8221; custom_margin_last_edited=&#8221;on|phone&#8221;][\/et_pb_image][\/et_pb_column][et_pb_column type=&#8221;1_3&#8243; _builder_version=&#8221;4.2.2&#8243;][et_pb_image src=&#8221;http:\/\/euofchurch.org\/wp-content\/uploads\/2020\/03\/icon-facebook.jpg&#8221; url=&#8221;https:\/\/www.facebook.com\/euofchurch\/&#8221; url_new_window=&#8221;on&#8221; align=&#8221;center&#8221; _builder_version=&#8221;4.2.2&#8243; custom_margin=&#8221;|50px||50px|false|true&#8221; custom_margin_tablet=&#8221;|190px||190px|false|true&#8221; custom_margin_phone=&#8221;|110px||110px|false|true&#8221; custom_margin_last_edited=&#8221;on|phone&#8221;][\/et_pb_image][\/et_pb_column][et_pb_column type=&#8221;1_3&#8243; _builder_version=&#8221;4.2.2&#8243;][et_pb_image src=&#8221;http:\/\/euofchurch.org\/wp-content\/uploads\/2020\/03\/icon-tithely.jpg&#8221; url=&#8221;https:\/\/tithe.ly\/give_new\/www\/#\/tithely\/give-one-time\/862506&#8243; url_new_window=&#8221;on&#8221; align=&#8221;center&#8221; _builder_version=&#8221;4.2.2&#8243; custom_margin=&#8221;|50px||50px|false|true&#8221; custom_margin_tablet=&#8221;|190px||190px|false|true&#8221; custom_margin_phone=&#8221;|110px||110px|false|true&#8221; custom_margin_last_edited=&#8221;on|phone&#8221;][\/et_pb_image][\/et_pb_column][\/et_pb_row][et_pb_row _builder_version=&#8221;4.2.2&#8243; custom_padding=&#8221;0px|||||&#8221;][et_pb_column type=&#8221;4_4&#8243; _builder_version=&#8221;4.2.2&#8243;][et_pb_divider color=&#8221;#48a4db&#8221; divider_position=&#8221;center&#8221; _builder_version=&#8221;4.2.2&#8243;][\/et_pb_divider][et_pb_image src=&#8221;http:\/\/euofchurch.org\/wp-content\/uploads\/2020\/01\/euof-logo-e1580748467319.png&#8221; align=&#8221;center&#8221; _builder_version=&#8221;4.2.2&#8243; custom_margin=&#8221;||15px|||&#8221;][\/et_pb_image][et_pb_text _builder_version=&#8221;4.2.2&#8243; header_text_align=&#8221;center&#8221; header_font_size=&#8221;18px&#8221; custom_margin=&#8221;||-2px|||&#8221;]<\/p>\n<h1>Evangelical Union of Fisherman<\/h1>\n<p>[\/et_pb_text][et_pb_text _builder_version=&#8221;4.9.2&#8243; text_font_size=&#8221;14px&#8221; text_line_height=&#8221;1.5em&#8221; header_text_align=&#8221;center&#8221; header_font_size=&#8221;18px&#8221; text_orientation=&#8221;center&#8221; hover_enabled=&#8221;0&#8243; sticky_enabled=&#8221;0&#8243;]<\/p>\n<p><span class=\"s1\">789 E Prima Vista Blvd.<br \/><\/span><span class=\"s1\">Port Saint Lucie, Florida 34952<\/span><\/p>\n<p>[\/et_pb_text][et_pb_code _builder_version=&#8221;4.2.2&#8243; text_orientation=&#8221;center&#8221;]<\/p>\n<form action=\"https:\/\/www.paypal.com\/cgi-bin\/webscr\" method=\"post\" target=\"_top\"><!-- [et_pb_line_break_holder] --><input type=\"hidden\" name=\"cmd\" value=\"_s-xclick\" \/><!-- [et_pb_line_break_holder] --><input type=\"hidden\" name=\"hosted_button_id\" value=\"62Q85LC2SZ642\" \/><!-- [et_pb_line_break_holder] --><input type=\"image\" src=\"https:\/\/www.paypalobjects.com\/en_US\/i\/btn\/btn_donateCC_LG.gif\" border=\"0\" name=\"submit\" title=\"PayPal - The safer, easier way to pay online!\" alt=\"Donate with PayPal button\" \/><!-- [et_pb_line_break_holder] --><img loading=\"lazy\" decoding=\"async\" alt=\"\" border=\"0\" src=\"https:\/\/www.paypal.com\/en_US\/i\/scr\/pixel.gif\" width=\"1\" height=\"1\" \/><!-- [et_pb_line_break_holder] --><\/form>\n<p>[\/et_pb_code][\/et_pb_column][\/et_pb_row][\/et_pb_section]<\/p>","protected":false},"excerpt":{"rendered":"<p>[et_pb_section fb_built=&#8221;1&#8243; _builder_version=&#8221;4.0.9&#8243; background_image=&#8221;http:\/\/euofchurch.org\/wp-content\/uploads\/2020\/01\/color-strip.png&#8221; background_size=&#8221;contain&#8221; background_position=&#8221;top_center&#8221; custom_padding=&#8221;||45px|||&#8221;][et_pb_row _builder_version=&#8221;4.0.9&#8243; custom_margin=&#8221;40px|auto||auto||&#8221;][et_pb_column type=&#8221;4_4&#8243; _builder_version=&#8221;4.0.9&#8243;][et_pb_text _builder_version=&#8221;4.0.9&#8243; header_2_font=&#8221;|600|||||||&#8221; header_2_font_size=&#8221;32px&#8221; custom_margin=&#8221;||8px|||&#8221;] About EUOF [\/et_pb_text][et_pb_text _builder_version=&#8221;4.0.9&#8243; text_text_color=&#8221;#48a4db&#8221;] As told by our senior pastor and founder, Pastor Provide Prvidence. [\/et_pb_text][\/et_pb_column][\/et_pb_row][et_pb_row column_structure=&#8221;1_2,1_2&#8243; _builder_version=&#8221;4.2.2&#8243; custom_padding=&#8221;0px|||||&#8221;][et_pb_column type=&#8221;1_2&#8243; _builder_version=&#8221;4.2.2&#8243;][et_pb_text _builder_version=&#8221;4.0.9&#8243; text_line_height=&#8221;1.8em&#8221;] Our church was started in Boca Raton in 1999.Throughout my life, I have traveled to many [&hellip;]<\/p>","protected":false},"author":1,"featured_media":0,"parent":0,"menu_order":0,"comment_status":"closed","ping_status":"closed","template":"","meta":{"_et_pb_use_builder":"on","_et_pb_old_content":"","_et_gb_content_width":"","footnotes":""},"class_list":["post-101","page","type-page","status-publish","hentry"],"_links":{"self":[{"href":"https:\/\/euofchurch.org\/fr\/wp-json\/wp\/v2\/pages\/101","targetHints":{"allow":["GET"]}}],"collection":[{"href":"https:\/\/euofchurch.org\/fr\/wp-json\/wp\/v2\/pages"}],"about":[{"href":"https:\/\/euofchurch.org\/fr\/wp-json\/wp\/v2\/types\/page"}],"author":[{"embeddable":true,"href":"https:\/\/euofchurch.org\/fr\/wp-json\/wp\/v2\/users\/1"}],"replies":[{"embeddable":true,"href":"https:\/\/euofchurch.org\/fr\/wp-json\/wp\/v2\/comments?post=101"}],"version-history":[{"count":28,"href":"https:\/\/euofchurch.org\/fr\/wp-json\/wp\/v2\/pages\/101\/revisions"}],"predecessor-version":[{"id":662,"href":"https:\/\/euofchurch.org\/fr\/wp-json\/wp\/v2\/pages\/101\/revisions\/662"}],"wp:attachment":[{"href":"https:\/\/euofchurch.org\/fr\/wp-json\/wp\/v2\/media?parent=101"}],"curies":[{"name":"wp","href":"https:\/\/api.w.org\/{rel}","templated":true}]}}