{"id":216,"date":"2020-03-22T23:25:09","date_gmt":"2020-03-22T23:25:09","guid":{"rendered":"http:\/\/euofchurch.org\/?page_id=216"},"modified":"2025-04-29T01:23:13","modified_gmt":"2025-04-29T01:23:13","slug":"ministries","status":"publish","type":"page","link":"https:\/\/euofchurch.org\/fr\/ministries\/","title":{"rendered":"Ministries"},"content":{"rendered":"<p>[et_pb_section fb_built=&#8221;1&#8243; _builder_version=&#8221;4.0.9&#8243; background_image=&#8221;http:\/\/euofchurch.org\/wp-content\/uploads\/2020\/01\/color-strip.png&#8221; background_size=&#8221;contain&#8221; background_position=&#8221;top_center&#8221; custom_padding=&#8221;||45px|||&#8221;][et_pb_row column_structure=&#8221;3_5,2_5&#8243; _builder_version=&#8221;4.0.9&#8243; custom_margin=&#8221;40px|auto||auto||&#8221;][et_pb_column type=&#8221;3_5&#8243; _builder_version=&#8221;4.0.9&#8243;][et_pb_text _builder_version=&#8221;4.2.2&#8243; header_2_font=&#8221;|600|||||||&#8221; header_2_font_size=&#8221;32px&#8221; custom_margin=&#8221;||8px|||&#8221;]<\/p>\n<h2>Our Ministries<\/h2>\n<p>[\/et_pb_text][et_pb_text _builder_version=&#8221;4.0.9&#8243; text_line_height=&#8221;1.8em&#8221;]<\/p>\n<p class=\"p1\"><span class=\"s1\">At Evangelical Union of Fisherman, our goal is to elevate our Haitian community and surrounding neighbors by leading each soul to God\u2019s kingdom, one at a time. Come join us and be apart of this great movement.<\/span><\/p>\n<p>[\/et_pb_text][\/et_pb_column][et_pb_column type=&#8221;2_5&#8243; _builder_version=&#8221;4.0.9&#8243;][\/et_pb_column][\/et_pb_row][\/et_pb_section][et_pb_section fb_built=&#8221;1&#8243; _builder_version=&#8221;4.2.2&#8243; custom_margin=&#8221;||-3px|||&#8221; custom_padding=&#8221;0px||1px|||&#8221;][et_pb_row _builder_version=&#8221;4.2.2&#8243; custom_padding=&#8221;0px||50px||false|false&#8221;][et_pb_column type=&#8221;4_4&#8243; _builder_version=&#8221;4.2.2&#8243;][et_pb_image src=&#8221;http:\/\/euofchurch.org\/wp-content\/uploads\/2020\/03\/decor-ministries.jpg&#8221; _builder_version=&#8221;4.2.2&#8243; custom_margin=&#8221;||2px|||&#8221;][\/et_pb_image][\/et_pb_column][\/et_pb_row][et_pb_row column_structure=&#8221;1_2,1_2&#8243; make_equal=&#8221;on&#8221; _builder_version=&#8221;4.2.2&#8243; custom_padding=&#8221;0px||49px|||&#8221; hover_enabled=&#8221;0&#8243; sticky_enabled=&#8221;0&#8243;][et_pb_column type=&#8221;1_2&#8243; _builder_version=&#8221;4.2.2&#8243; custom_padding=&#8221;||||true|false&#8221; border_width_all=&#8221;1px&#8221; border_color_all=&#8221;#e02b20&#8243;][et_pb_text _builder_version=&#8221;4.2.2&#8243; text_line_height=&#8221;1.8em&#8221; header_2_text_color=&#8221;#e02b20&#8243; header_2_font_size=&#8221;24px&#8221; custom_margin=&#8221;30px|30px|30px|30px|true|true&#8221; custom_padding=&#8221;0px|0px|||false|false&#8221;]<\/p>\n<h2><span>Sunday Morning Worship<\/span><\/h2>\n<p class=\"p1\"><strong>9:35 a.m. &#8211; 11:35 a.m.<\/strong><\/p>\n<p class=\"p1\"><span>Le minist\u00e8re du culte du dimanche matin \u00e0 l'EUOF existe pour glorifier Dieu en offrant un culte ouvert et familial au Seigneur, une solide communion entre les croyants et une croissance de l'Esprit parmi les individus et la congr\u00e9gation.<\/span><\/p>\n<p class=\"p1\"><span class=\"s1\"><\/span><\/p>\n<p>[\/et_pb_text][\/et_pb_column][et_pb_column type=&#8221;1_2&#8243; _builder_version=&#8221;4.2.2&#8243; border_width_all=&#8221;1px&#8221; border_color_all=&#8221;#e02b20&#8243;][et_pb_text _builder_version=&#8221;4.2.2&#8243; text_line_height=&#8221;1.8em&#8221; header_2_text_color=&#8221;#e02b20&#8243; header_2_font_size=&#8221;24px&#8221; custom_margin=&#8221;30px|30px|30px|30px|true|true&#8221; custom_padding=&#8221;0px|0px|||false|false&#8221;]<\/p>\n<h2><span>Sunday School<\/span><\/h2>\n<p class=\"p1\"><strong>8:30 a.m. &#8211; 9:30 a.m.<\/strong><\/p>\n<p class=\"p1\"><span>Our Sunday School classes offer age-appropriate Bible lessons and engaging activities designed to foster both spiritual growth and meaningful learning experiences.<\/span><\/p>\n<p class=\"p1\"><span class=\"s1\"><\/span><\/p>\n<p>[\/et_pb_text][\/et_pb_column][\/et_pb_row][et_pb_row column_structure=&#8221;1_2,1_2&#8243; make_equal=&#8221;on&#8221; _builder_version=&#8221;4.2.2&#8243; custom_padding=&#8221;0px||49px|||&#8221;][et_pb_column type=&#8221;1_2&#8243; _builder_version=&#8221;4.2.2&#8243; custom_padding=&#8221;||||true|false&#8221; border_width_all=&#8221;1px&#8221; border_color_all=&#8221;#e02b20&#8243;][et_pb_text _builder_version=&#8221;4.2.2&#8243; text_line_height=&#8221;1.8em&#8221; header_2_text_color=&#8221;#e02b20&#8243; header_2_font_size=&#8221;24px&#8221; custom_margin=&#8221;30px|30px|30px|30px|true|true&#8221; custom_padding=&#8221;0px|0px|||false|false&#8221;]<\/p>\n<h2><span>Sunday Night Service<\/span><\/h2>\n<p class=\"p1\"><strong>7:00 p.m. &#8211; 8:30 p.m.<\/strong><\/p>\n<p class=\"p1\">Our Sunday night service offers a time of worship, biblical teaching, and community, providing an opportunity for deeper spiritual reflection and growth.<\/p>\n<p class=\"p1\"><span class=\"s1\"><\/span><\/p>\n<p>[\/et_pb_text][\/et_pb_column][et_pb_column type=&#8221;1_2&#8243; _builder_version=&#8221;4.2.2&#8243; border_width_all=&#8221;1px&#8221; border_color_all=&#8221;#e02b20&#8243;][et_pb_text _builder_version=&#8221;4.2.2&#8243; text_line_height=&#8221;1.8em&#8221; header_2_text_color=&#8221;#e02b20&#8243; header_2_font_size=&#8221;24px&#8221; custom_margin=&#8221;30px|30px|30px|30px|true|true&#8221; custom_padding=&#8221;0px|0px|||false|false&#8221;]<\/p>\n<h2><span>Tuesday Prayer &amp; Fasting<\/span><\/h2>\n<p class=\"p1\"><strong>8:30 a.m. &#8211; 12:00 p.m.<\/strong><\/p>\n<p class=\"p1\"><span>Le but de la pri\u00e8re et du je\u00fbne est de se rapprocher de Dieu. Le je\u00fbne biblique a toujours \u00e0 voir avec l'\u00e9limination des distractions \u00e0 des fins spirituelles; il nous renouvelle de l'int\u00e9rieur.<\/span><\/p>\n<p class=\"p1\"><span class=\"s1\"><\/span><\/p>\n<p>[\/et_pb_text][\/et_pb_column][\/et_pb_row][et_pb_row column_structure=&#8221;1_2,1_2&#8243; make_equal=&#8221;on&#8221; _builder_version=&#8221;4.2.2&#8243; custom_padding=&#8221;0px||49px|||&#8221;][et_pb_column type=&#8221;1_2&#8243; _builder_version=&#8221;4.2.2&#8243; custom_padding=&#8221;||||true|false&#8221; border_width_all=&#8221;1px&#8221; border_color_all=&#8221;#e02b20&#8243;][et_pb_text _builder_version=&#8221;4.2.2&#8243; text_line_height=&#8221;1.8em&#8221; header_2_text_color=&#8221;#e02b20&#8243; header_2_font_size=&#8221;24px&#8221; custom_margin=&#8221;30px|30px|30px|30px|true|true&#8221; custom_padding=&#8221;0px|0px|||false|false&#8221;]<\/p>\n<h2><span>Tuesday Night Choir Practice<\/span><\/h2>\n<p class=\"p1\"><strong>7:00 p.m. &#8211; 9:00 p.m.<\/strong><\/p>\n<p class=\"p1 translation-block\">Le but de notre chorale est de partager l'\u00e9vangile de J\u00e9sus-Christ par le chant, d'encourager les croyants dans leur marche spirituelle avec le Christ et de diriger la congr\u00e9gation dans l'adoration.<\/p>\n<p class=\"p1\"><span class=\"s1\"><\/span><\/p>\n<p>[\/et_pb_text][\/et_pb_column][et_pb_column type=&#8221;1_2&#8243; _builder_version=&#8221;4.2.2&#8243; border_width_all=&#8221;1px&#8221; border_color_all=&#8221;#e02b20&#8243;][et_pb_text _builder_version=&#8221;4.2.2&#8243; text_line_height=&#8221;1.8em&#8221; header_2_text_color=&#8221;#e02b20&#8243; header_2_font_size=&#8221;24px&#8221; custom_margin=&#8221;30px|30px|30px|30px|true|true&#8221; custom_padding=&#8221;0px|0px|||false|false&#8221;]<\/p>\n<h2>Wednesday Bible Study (Zoom)<\/h2>\n<p class=\"p1\">6:00 p.m. &#8211; 8:00 p.m.<\/p>\n<p class=\"p1\"><span>Une \u00e9tude plus approfondie de la Bible est un aspect important de notre croissance avec Christ. Cette classe nous aide \u00e0 en savoir plus sur ce que Dieu dit dans Sa Parole.<\/span><\/p>\n<p class=\"p1\"><span class=\"s1\"><\/span><\/p>\n<p>[\/et_pb_text][\/et_pb_column][\/et_pb_row][\/et_pb_section][et_pb_section fb_built=&#8221;1&#8243; _builder_version=&#8221;4.2.2&#8243;][et_pb_row column_structure=&#8221;1_3,2_3&#8243; use_custom_gutter=&#8221;on&#8221; gutter_width=&#8221;1&#8243; make_equal=&#8221;on&#8221; _builder_version=&#8221;4.2.2&#8243; custom_padding=&#8221;0px||0px|||&#8221;][et_pb_column type=&#8221;1_3&#8243; _builder_version=&#8221;4.2.2&#8243; background_color=&#8221;#f4fbff&#8221; custom_padding=&#8221;40px||40px||true|false&#8221;][et_pb_image src=&#8221;http:\/\/euofchurch.org\/wp-content\/uploads\/2020\/02\/logo-blue.png&#8221; align=&#8221;center&#8221; _builder_version=&#8221;4.0.9&#8243; custom_margin=&#8221;||15px|||&#8221;][\/et_pb_image][et_pb_text _builder_version=&#8221;4.2.2&#8243; text_text_color=&#8221;#48a4db&#8221; text_orientation=&#8221;center&#8221; custom_padding=&#8221;|60px|24px|60px|false|true&#8221;]<\/p>\n<p class=\"p1\">For we live by faith, not by sight.<\/p>\n<p>[\/et_pb_text][et_pb_text _builder_version=&#8221;4.2.2&#8243; text_font=&#8221;|||on|||||&#8221; text_text_color=&#8221;#48a4db&#8221; text_font_size=&#8221;11px&#8221; text_orientation=&#8221;center&#8221;]<\/p>\n<p class=\"p1\">2 Corinthians 5:7<\/p>\n<p>[\/et_pb_text][\/et_pb_column][et_pb_column type=&#8221;2_3&#8243; _builder_version=&#8221;4.2.2&#8243;][et_pb_image src=&#8221;http:\/\/euofchurch.org\/wp-content\/uploads\/2020\/03\/pic-school.jpg&#8221; _builder_version=&#8221;4.2.2&#8243;][\/et_pb_image][\/et_pb_column][\/et_pb_row][\/et_pb_section][et_pb_section fb_built=&#8221;1&#8243; _builder_version=&#8221;4.0.9&#8243; custom_padding=&#8221;0px|||||&#8221; global_module=&#8221;157&#8243; collapsed=&#8221;off&#8221;][et_pb_row column_structure=&#8221;1_3,1_3,1_3&#8243; use_custom_gutter=&#8221;on&#8221; gutter_width=&#8221;1&#8243; _builder_version=&#8221;4.2.2&#8243; max_width=&#8221;600px&#8221; module_alignment=&#8221;center&#8221;][et_pb_column type=&#8221;1_3&#8243; _builder_version=&#8221;4.2.2&#8243;][\/et_pb_column][et_pb_column type=&#8221;1_3&#8243; _builder_version=&#8221;4.2.2&#8243;][et_pb_image src=&#8221;http:\/\/euofchurch.org\/wp-content\/uploads\/2020\/03\/icon-facebook.jpg&#8221; url=&#8221;https:\/\/www.facebook.com\/euofchurch\/&#8221; url_new_window=&#8221;on&#8221; align=&#8221;center&#8221; _builder_version=&#8221;4.2.2&#8243; custom_margin=&#8221;|50px||50px|false|true&#8221; custom_margin_tablet=&#8221;|190px||190px|false|true&#8221; custom_margin_phone=&#8221;|110px||110px|false|true&#8221; custom_margin_last_edited=&#8221;on|phone&#8221;][\/et_pb_image][\/et_pb_column][et_pb_column type=&#8221;1_3&#8243; _builder_version=&#8221;4.2.2&#8243;][\/et_pb_column][\/et_pb_row][et_pb_row _builder_version=&#8221;4.2.2&#8243; custom_padding=&#8221;0px|||||&#8221;][et_pb_column type=&#8221;4_4&#8243; _builder_version=&#8221;4.2.2&#8243;][et_pb_divider color=&#8221;#48a4db&#8221; divider_position=&#8221;center&#8221; _builder_version=&#8221;4.2.2&#8243;][\/et_pb_divider][et_pb_image src=&#8221;http:\/\/euofchurch.org\/wp-content\/uploads\/2020\/01\/euof-logo-e1580748467319.png&#8221; align=&#8221;center&#8221; _builder_version=&#8221;4.2.2&#8243; custom_margin=&#8221;||15px|||&#8221;][\/et_pb_image][et_pb_text _builder_version=&#8221;4.2.2&#8243; header_text_align=&#8221;center&#8221; header_font_size=&#8221;18px&#8221; custom_margin=&#8221;||-2px|||&#8221;]<\/p>\n<h1>Evangelical Union of Fisherman<\/h1>\n<p>[\/et_pb_text][et_pb_text _builder_version=&#8221;4.9.2&#8243; text_font_size=&#8221;14px&#8221; text_line_height=&#8221;1.5em&#8221; header_text_align=&#8221;center&#8221; header_font_size=&#8221;18px&#8221; text_orientation=&#8221;center&#8221;]<\/p>\n<p><span class=\"s1\">789 E Prima Vista Blvd.<br \/><\/span><span class=\"s1\">Port Saint Lucie, Florida 34952<\/span><\/p>\n<p>[\/et_pb_text][et_pb_code _builder_version=&#8221;4.2.2&#8243; text_orientation=&#8221;center&#8221;]<\/p>\n<form action=\"https:\/\/www.paypal.com\/cgi-bin\/webscr\" method=\"post\" target=\"_top\"><!-- [et_pb_line_break_holder] --><input type=\"hidden\" name=\"cmd\" value=\"_s-xclick\" \/><!-- [et_pb_line_break_holder] --><input type=\"hidden\" name=\"hosted_button_id\" value=\"62Q85LC2SZ642\" \/><!-- [et_pb_line_break_holder] --><input type=\"image\" src=\"https:\/\/www.paypalobjects.com\/en_US\/i\/btn\/btn_donateCC_LG.gif\" border=\"0\" name=\"submit\" title=\"PayPal - The safer, easier way to pay online!\" alt=\"Donate with PayPal button\" \/><!-- [et_pb_line_break_holder] --><img loading=\"lazy\" decoding=\"async\" alt=\"\" border=\"0\" src=\"https:\/\/www.paypal.com\/en_US\/i\/scr\/pixel.gif\" width=\"1\" height=\"1\" \/><!-- [et_pb_line_break_holder] --><\/form>\n<p>[\/et_pb_code][\/et_pb_column][\/et_pb_row][\/et_pb_section]<\/p>","protected":false},"excerpt":{"rendered":"<p>[et_pb_section fb_built=&#8221;1&#8243; _builder_version=&#8221;4.0.9&#8243; background_image=&#8221;http:\/\/euofchurch.org\/wp-content\/uploads\/2020\/01\/color-strip.png&#8221; background_size=&#8221;contain&#8221; background_position=&#8221;top_center&#8221; custom_padding=&#8221;||45px|||&#8221;][et_pb_row column_structure=&#8221;3_5,2_5&#8243; _builder_version=&#8221;4.0.9&#8243; custom_margin=&#8221;40px|auto||auto||&#8221;][et_pb_column type=&#8221;3_5&#8243; _builder_version=&#8221;4.0.9&#8243;][et_pb_text _builder_version=&#8221;4.2.2&#8243; header_2_font=&#8221;|600|||||||&#8221; header_2_font_size=&#8221;32px&#8221; custom_margin=&#8221;||8px|||&#8221;] Our Ministries [\/et_pb_text][et_pb_text _builder_version=&#8221;4.0.9&#8243; text_line_height=&#8221;1.8em&#8221;] At Evangelical Union of Fisherman, our goal is to elevate our Haitian community and surrounding neighbors by leading each soul to God\u2019s kingdom, one at a time. Come join us and be apart of [&hellip;]<\/p>","protected":false},"author":1,"featured_media":0,"parent":0,"menu_order":0,"comment_status":"closed","ping_status":"closed","template":"","meta":{"_et_pb_use_builder":"on","_et_pb_old_content":"","_et_gb_content_width":"","footnotes":""},"class_list":["post-216","page","type-page","status-publish","hentry"],"_links":{"self":[{"href":"https:\/\/euofchurch.org\/fr\/wp-json\/wp\/v2\/pages\/216","targetHints":{"allow":["GET"]}}],"collection":[{"href":"https:\/\/euofchurch.org\/fr\/wp-json\/wp\/v2\/pages"}],"about":[{"href":"https:\/\/euofchurch.org\/fr\/wp-json\/wp\/v2\/types\/page"}],"author":[{"embeddable":true,"href":"https:\/\/euofchurch.org\/fr\/wp-json\/wp\/v2\/users\/1"}],"replies":[{"embeddable":true,"href":"https:\/\/euofchurch.org\/fr\/wp-json\/wp\/v2\/comments?post=216"}],"version-history":[{"count":11,"href":"https:\/\/euofchurch.org\/fr\/wp-json\/wp\/v2\/pages\/216\/revisions"}],"predecessor-version":[{"id":677,"href":"https:\/\/euofchurch.org\/fr\/wp-json\/wp\/v2\/pages\/216\/revisions\/677"}],"wp:attachment":[{"href":"https:\/\/euofchurch.org\/fr\/wp-json\/wp\/v2\/media?parent=216"}],"curies":[{"name":"wp","href":"https:\/\/api.w.org\/{rel}","templated":true}]}}