{"id":260,"date":"2020-03-24T06:15:35","date_gmt":"2020-03-24T06:15:35","guid":{"rendered":"http:\/\/euofchurch.org\/?page_id=260"},"modified":"2020-03-24T23:03:54","modified_gmt":"2020-03-24T23:03:54","slug":"calendar","status":"publish","type":"page","link":"https:\/\/euofchurch.org\/fr\/calendar\/","title":{"rendered":"Calendar"},"content":{"rendered":"<p>[et_pb_section fb_built=&#8221;1&#8243; _builder_version=&#8221;4.0.9&#8243; background_image=&#8221;http:\/\/euofchurch.org\/wp-content\/uploads\/2020\/01\/color-strip.png&#8221; background_size=&#8221;contain&#8221; background_position=&#8221;top_center&#8221; custom_padding=&#8221;||0px|||&#8221;][et_pb_row column_structure=&#8221;3_5,2_5&#8243; _builder_version=&#8221;4.0.9&#8243; custom_margin=&#8221;40px|auto||auto||&#8221;][et_pb_column type=&#8221;3_5&#8243; _builder_version=&#8221;4.0.9&#8243;][et_pb_text _builder_version=&#8221;4.2.2&#8243; header_2_font=&#8221;|600|||||||&#8221; header_2_font_size=&#8221;32px&#8221; custom_margin=&#8221;||8px|||&#8221;]<\/p>\n<h2>Calendar<\/h2>\n<p>[\/et_pb_text][et_pb_text _builder_version=&#8221;4.0.9&#8243; text_line_height=&#8221;1.8em&#8221;]<\/p>\n<p class=\"p1\"><span>We believe community, connection and growth are more important than ever. Below are services and events to foster close relationships with each other and Christ.\u00a0\u00a0<\/span><\/p>\n<p>[\/et_pb_text][\/et_pb_column][et_pb_column type=&#8221;2_5&#8243; _builder_version=&#8221;4.0.9&#8243;][\/et_pb_column][\/et_pb_row][\/et_pb_section][et_pb_section fb_built=&#8221;1&#8243; _builder_version=&#8221;4.2.2&#8243; custom_margin=&#8221;||-3px|||&#8221; custom_padding=&#8221;0px||1px|||&#8221;][et_pb_row _builder_version=&#8221;4.2.2&#8243; custom_padding=&#8221;0px|0px|50px|0px|false|false&#8221;][et_pb_column type=&#8221;4_4&#8243; _builder_version=&#8221;4.2.2&#8243;][et_pb_code _builder_version=&#8221;4.2.2&#8243;]<div id='evcal_calendar_443' class='ajde_evcal_calendar' ><div class='evo-data' data-cyear=\"2026\" data-cmonth=\"4\" data-runajax=\"1\" data-evc_open=\"0\" data-cal_ver=\"2.6.10\" data-mapscroll=\"true\" data-mapformat=\"roadmap\" data-mapzoom=\"18\" data-mapiconurl=\"\" data-ev_cnt=\"0\" data-show_limit=\"no\" data-tiles=\"no\" data-sort_by=\"sort_date\" data-filters_on=\"false\" data-range_start=\"0\" data-range_end=\"0\" data-send_unix=\"0\" data-ux_val=\"0\" data-accord=\"0\" data-rtl=\"no\"  ><\/div><div id='evcal_head' class='calendar_header' ><div class='evo_cal_above'><span class='evo-gototoday-btn' style='display:none' data-mo='4' data-yr='2026' data-dy=''>Current Month<\/span><\/div><div class='evo_cal_above_content'><\/div><p id='evcal_cur' class='evo_month_title'> april, 2026<\/p><p class='evo_arrows'><span id='evcal_prev' class='evcal_arrows evcal_btn_prev' ><i class='fa fa-angle-left'><\/i><\/span><span id='evcal_next' class='evcal_arrows evcal_btn_next' ><i class='fa fa-angle-right'><\/i><\/span><\/p><div class='cal_arguments' style='display:none' data-hide_past=\"no\" data-show_et_ft_img=\"no\" data-event_order=\"ASC\" data-ft_event_priority=\"no\" data-lang=\"L1\" data-month_incre=\"0\" data-only_ft=\"no\" data-evc_open=\"no\" data-show_limit=\"no\" data-etc_override=\"no\" data-show_limit_redir=\"0\" data-tiles=\"no\" data-tile_height=\"0\" data-tile_bg=\"0\" data-tile_count=\"2\" data-tile_style=\"0\" data-s=\"\" data-members_only=\"no\" data-ux_val=\"0\" data-show_limit_ajax=\"no\" data-show_limit_paged=\"1\" data-hide_mult_occur=\"no\" data-show_repeats=\"no\" ><\/div><div class='clear'><\/div><\/div><div class='eventon_sorting_section' style='display:none'><div class='eventon_filter_line'><div class='eventon_filter' data-filter_field='event_type' data-filter_val='all' data-filter_type='tax' data-fl_o='IN'><\/div><div class='eventon_filter' data-filter_field='event_type_2' data-filter_val='all' data-filter_type='tax' data-fl_o='IN'><\/div><div class='eventon_filter' data-filter_field='event_type_3' data-filter_val='all' data-filter_type='tax' data-fl_o='IN'><\/div><div class='eventon_filter' data-filter_field='event_type_4' data-filter_val='all' data-filter_type='tax' data-fl_o='IN'><\/div><div class='eventon_filter' data-filter_field='event_type_5' data-filter_val='all' data-filter_type='tax' data-fl_o='IN'><\/div><div class='eventon_filter' data-filter_field='event_location' data-filter_val='all' data-filter_type='tax' data-fl_o='IN'><\/div><div class='eventon_filter' data-filter_field='event_organizer' data-filter_val='all' data-filter_type='tax' data-fl_o='IN'><\/div><\/div><div class='clear'><\/div><\/div><div id='eventon_loadbar_section'><div id='eventon_loadbar'><\/div><\/div><div id='evcal_list' class='eventon_events_list'><div class='eventon_list_event'><p class='no_events' >No Events<\/p><\/div>\t\t\t<div class='clear'><\/div>\n\t\t\t<\/div><!-- #evcal_list-->\n\t\t\t<div class='clear'><\/div>\n\n\t\t\t\t\t \t<div class='evocal_data'  data-base='{\"cyear\":\"2026\",\"cmonth\":\"4\",\"runajax\":\"1\",\"evc_open\":\"0\",\"cal_ver\":\"2.6.10\",\"mapscroll\":\"true\",\"mapformat\":\"roadmap\",\"mapzoom\":\"18\",\"mapiconurl\":\"\",\"ev_cnt\":\"0\",\"show_limit\":\"no\",\"tiles\":\"no\",\"sort_by\":\"sort_date\",\"filters_on\":\"false\",\"range_start\":0,\"range_end\":0,\"send_unix\":\"0\",\"ux_val\":\"0\",\"accord\":\"0\",\"rtl\":\"no\"}' data-sc='{\"hide_past\":\"no\",\"show_et_ft_img\":\"no\",\"event_order\":\"ASC\",\"ft_event_priority\":\"no\",\"lang\":\"L1\",\"month_incre\":\"0\",\"only_ft\":\"no\",\"evc_open\":\"no\",\"show_limit\":\"no\",\"etc_override\":\"no\",\"show_limit_redir\":\"0\",\"tiles\":\"no\",\"tile_height\":\"0\",\"tile_bg\":\"0\",\"tile_count\":\"2\",\"tile_style\":\"0\",\"s\":\"\",\"members_only\":\"no\",\"ux_val\":\"0\",\"show_limit_ajax\":\"no\",\"show_limit_paged\":\"1\",\"hide_mult_occur\":\"no\",\"show_repeats\":\"no\"}'><\/div>\n\t\t\t\t\n\t\t\t\n\t\t\t\t\t\t<\/div><!-- .ajde_evcal_calendar-->\n\n\t\t\t[\/et_pb_code][\/et_pb_column][\/et_pb_row][\/et_pb_section][et_pb_section fb_built=&#8221;1&#8243; _builder_version=&#8221;4.2.2&#8243;][et_pb_row column_structure=&#8221;1_3,2_3&#8243; use_custom_gutter=&#8221;on&#8221; gutter_width=&#8221;1&#8243; make_equal=&#8221;on&#8221; _builder_version=&#8221;4.2.2&#8243; custom_padding=&#8221;0px||0px|||&#8221; hover_enabled=&#8221;0&#8243;][et_pb_column type=&#8221;1_3&#8243; _builder_version=&#8221;4.2.2&#8243; background_color=&#8221;#f4fbff&#8221; custom_padding=&#8221;40px||40px||true|false&#8221;][et_pb_image src=&#8221;http:\/\/euofchurch.org\/wp-content\/uploads\/2020\/02\/logo-blue.png&#8221; align=&#8221;center&#8221; _builder_version=&#8221;4.0.9&#8243; custom_margin=&#8221;||15px|||&#8221;][\/et_pb_image][et_pb_text _builder_version=&#8221;4.2.2&#8243; text_text_color=&#8221;#48a4db&#8221; text_orientation=&#8221;center&#8221; custom_padding=&#8221;|60px|24px|60px|false|true&#8221;]<\/p>\n<p class=\"p1\"><span>For where two or three are gathered together in My name, I am there in the midst of them<\/span><\/p>\n<p>[\/et_pb_text][et_pb_text _builder_version=&#8221;4.2.2&#8243; text_font=&#8221;|||on|||||&#8221; text_text_color=&#8221;#48a4db&#8221; text_font_size=&#8221;11px&#8221; text_orientation=&#8221;center&#8221;]<\/p>\n<p class=\"p1\"><span class=\"s1\"><b>MATTHEW 18:20<\/b><\/span><\/p>\n<p>[\/et_pb_text][\/et_pb_column][et_pb_column type=&#8221;2_3&#8243; _builder_version=&#8221;4.2.2&#8243;][et_pb_image src=&#8221;http:\/\/euofchurch.org\/wp-content\/uploads\/2020\/03\/pic-service.jpg&#8221; _builder_version=&#8221;4.2.2&#8243;][\/et_pb_image][\/et_pb_column][\/et_pb_row][\/et_pb_section][et_pb_section fb_built=&#8221;1&#8243; _builder_version=&#8221;4.0.9&#8243; custom_padding=&#8221;0px|||||&#8221; global_module=&#8221;157&#8243; collapsed=&#8221;off&#8221;][et_pb_row _builder_version=&#8221;4.0.9&#8243; custom_margin=&#8221;|auto|-4px|auto||&#8221;][et_pb_column type=&#8221;4_4&#8243; _builder_version=&#8221;4.0.9&#8243;][et_pb_text _builder_version=&#8221;4.2.2&#8243; header_2_font_size=&#8221;48px&#8221; header_3_font=&#8221;|700||on|||||&#8221; header_3_text_align=&#8221;center&#8221; header_3_font_size=&#8221;20px&#8221; custom_margin=&#8221;60px||14px||false|false&#8221;]<\/p>\n<h3 class=\"p1\">\u00c9v\u00e8nements \u00e0 Venir<\/h3>\n<p>[\/et_pb_text][et_pb_code _builder_version=&#8221;4.2.2&#8243; custom_margin=&#8221;-4px|||||&#8221;]<div id='evcal_calendar_202' class='list_cal ajde_evcal_calendar boxy boxstyle0 ul' ><div class='evo-data' data-cyear=\"2026\" data-cmonth=\"4\" data-runajax=\"1\" data-evc_open=\"0\" data-cal_ver=\"2.6.10\" data-mapscroll=\"true\" data-mapformat=\"roadmap\" data-mapzoom=\"18\" data-mapiconurl=\"\" data-ev_cnt=\"2\" data-show_limit=\"no\" data-tiles=\"yes\" data-sort_by=\"sort_date\" data-filters_on=\"true\" data-range_start=\"0\" data-range_end=\"0\" data-send_unix=\"0\" data-ux_val=\"3\" data-accord=\"0\" data-rtl=\"no\"  ><\/div><div id='evcal_head' class='calendar_header' ><div class='evo_cal_above'><span class='evo-gototoday-btn' style='display:none' data-mo='4' data-yr='2026' data-dy=''>Current Month<\/span><\/div><div class='evo_cal_above_content'><\/div><div class='cal_arguments' style='display:none' data-hide_past=\"yes\" data-show_et_ft_img=\"no\" data-event_order=\"ASC\" data-ft_event_priority=\"no\" data-lang=\"L1\" data-month_incre=\"0\" data-only_ft=\"no\" data-evc_open=\"no\" data-show_limit=\"no\" data-etc_override=\"yes\" data-show_limit_redir=\"0\" data-tiles=\"yes\" data-tile_height=\"150\" data-tile_bg=\"0\" data-tile_count=\"2\" data-tile_style=\"0\" data-s=\"\" data-members_only=\"no\" data-ux_val=\"3\" data-show_limit_ajax=\"no\" data-show_limit_paged=\"1\" data-hide_mult_occur=\"no\" data-show_repeats=\"no\" ><\/div><div class='clear'><\/div><\/div><div id='evcal_list' class='eventon_events_list'><div class='eventon_list_event'><p class='no_events' >No Events<\/p><\/div><\/div><div class='clear'><\/div><\/div><!-- ajde_evcal_calendar-->[\/et_pb_code][\/et_pb_column][\/et_pb_row][et_pb_row column_structure=&#8221;1_3,1_3,1_3&#8243; use_custom_gutter=&#8221;on&#8221; gutter_width=&#8221;1&#8243; _builder_version=&#8221;4.2.2&#8243; max_width=&#8221;600px&#8221; module_alignment=&#8221;center&#8221;][et_pb_column type=&#8221;1_3&#8243; _builder_version=&#8221;4.2.2&#8243;][et_pb_image src=&#8221;http:\/\/euofchurch.org\/wp-content\/uploads\/2020\/03\/icon-ig.jpg&#8221; url=&#8221;https:\/\/www.instagram.com\/euofchurch\/&#8221; url_new_window=&#8221;on&#8221; align=&#8221;center&#8221; _builder_version=&#8221;4.2.2&#8243; custom_margin=&#8221;|50px||50px|false|true&#8221; custom_margin_tablet=&#8221;|190px||190px|false|true&#8221; custom_margin_phone=&#8221;|110px||110px|false|true&#8221; custom_margin_last_edited=&#8221;on|phone&#8221;][\/et_pb_image][\/et_pb_column][et_pb_column type=&#8221;1_3&#8243; _builder_version=&#8221;4.2.2&#8243;][et_pb_image src=&#8221;http:\/\/euofchurch.org\/wp-content\/uploads\/2020\/03\/icon-facebook.jpg&#8221; url=&#8221;https:\/\/www.facebook.com\/euofchurch\/&#8221; url_new_window=&#8221;on&#8221; align=&#8221;center&#8221; _builder_version=&#8221;4.2.2&#8243; custom_margin=&#8221;|50px||50px|false|true&#8221; custom_margin_tablet=&#8221;|190px||190px|false|true&#8221; custom_margin_phone=&#8221;|110px||110px|false|true&#8221; custom_margin_last_edited=&#8221;on|phone&#8221;][\/et_pb_image][\/et_pb_column][et_pb_column type=&#8221;1_3&#8243; _builder_version=&#8221;4.2.2&#8243;][et_pb_image src=&#8221;http:\/\/euofchurch.org\/wp-content\/uploads\/2020\/03\/icon-tithely.jpg&#8221; url=&#8221;https:\/\/tithe.ly\/give_new\/www\/#\/tithely\/give-one-time\/862506&#8243; url_new_window=&#8221;on&#8221; align=&#8221;center&#8221; _builder_version=&#8221;4.2.2&#8243; custom_margin=&#8221;|50px||50px|false|true&#8221; custom_margin_tablet=&#8221;|190px||190px|false|true&#8221; custom_margin_phone=&#8221;|110px||110px|false|true&#8221; custom_margin_last_edited=&#8221;on|phone&#8221;][\/et_pb_image][\/et_pb_column][\/et_pb_row][et_pb_row _builder_version=&#8221;4.2.2&#8243; custom_padding=&#8221;0px|||||&#8221;][et_pb_column type=&#8221;4_4&#8243; _builder_version=&#8221;4.2.2&#8243;][et_pb_divider color=&#8221;#48a4db&#8221; divider_position=&#8221;center&#8221; _builder_version=&#8221;4.2.2&#8243;][\/et_pb_divider][et_pb_image src=&#8221;http:\/\/euofchurch.org\/wp-content\/uploads\/2020\/01\/euof-logo-e1580748467319.png&#8221; align=&#8221;center&#8221; _builder_version=&#8221;4.2.2&#8243; custom_margin=&#8221;||15px|||&#8221;][\/et_pb_image][et_pb_text _builder_version=&#8221;4.2.2&#8243; header_text_align=&#8221;center&#8221; header_font_size=&#8221;18px&#8221; custom_margin=&#8221;||-2px|||&#8221;]<\/p>\n<h1>Evangelical Union of Fisherman<\/h1>\n<p>[\/et_pb_text][et_pb_text _builder_version=&#8221;4.2.2&#8243; text_font_size=&#8221;14px&#8221; text_line_height=&#8221;1.5em&#8221; header_text_align=&#8221;center&#8221; header_font_size=&#8221;18px&#8221; text_orientation=&#8221;center&#8221;]<\/p>\n<p><span>4311 SW Darwin Blvd.<\/span><br \/> <span>Port Saint Lucie, Florida 34953<\/span><\/p>\n<p>[\/et_pb_text][et_pb_code _builder_version=&#8221;4.2.2&#8243; text_orientation=&#8221;center&#8221;]<\/p>\n<form action=\"https:\/\/www.paypal.com\/cgi-bin\/webscr\" method=\"post\" target=\"_top\"><!-- [et_pb_line_break_holder] --><input type=\"hidden\" name=\"cmd\" value=\"_s-xclick\" \/><!-- [et_pb_line_break_holder] --><input type=\"hidden\" name=\"hosted_button_id\" value=\"62Q85LC2SZ642\" \/><!-- [et_pb_line_break_holder] --><input type=\"image\" src=\"https:\/\/www.paypalobjects.com\/en_US\/i\/btn\/btn_donateCC_LG.gif\" border=\"0\" name=\"submit\" title=\"PayPal - The safer, easier way to pay online!\" alt=\"Donate with PayPal button\" \/><!-- [et_pb_line_break_holder] --><img loading=\"lazy\" decoding=\"async\" alt=\"\" border=\"0\" src=\"https:\/\/www.paypal.com\/en_US\/i\/scr\/pixel.gif\" width=\"1\" height=\"1\" \/><!-- [et_pb_line_break_holder] --><\/form>\n<p>[\/et_pb_code][\/et_pb_column][\/et_pb_row][\/et_pb_section]<\/p>","protected":false},"excerpt":{"rendered":"<p>[et_pb_section fb_built=&#8221;1&#8243; _builder_version=&#8221;4.0.9&#8243; background_image=&#8221;http:\/\/euofchurch.org\/wp-content\/uploads\/2020\/01\/color-strip.png&#8221; background_size=&#8221;contain&#8221; background_position=&#8221;top_center&#8221; custom_padding=&#8221;||0px|||&#8221;][et_pb_row column_structure=&#8221;3_5,2_5&#8243; _builder_version=&#8221;4.0.9&#8243; custom_margin=&#8221;40px|auto||auto||&#8221;][et_pb_column type=&#8221;3_5&#8243; _builder_version=&#8221;4.0.9&#8243;][et_pb_text _builder_version=&#8221;4.2.2&#8243; header_2_font=&#8221;|600|||||||&#8221; header_2_font_size=&#8221;32px&#8221; custom_margin=&#8221;||8px|||&#8221;] Calendar [\/et_pb_text][et_pb_text _builder_version=&#8221;4.0.9&#8243; text_line_height=&#8221;1.8em&#8221;] We believe community, connection and growth are more important than ever. Below are services and events to foster close relationships with each other and Christ.\u00a0\u00a0 [\/et_pb_text][\/et_pb_column][et_pb_column type=&#8221;2_5&#8243; _builder_version=&#8221;4.0.9&#8243;][\/et_pb_column][\/et_pb_row][\/et_pb_section][et_pb_section fb_built=&#8221;1&#8243; _builder_version=&#8221;4.2.2&#8243; custom_margin=&#8221;||-3px|||&#8221; custom_padding=&#8221;0px||1px|||&#8221;][et_pb_row _builder_version=&#8221;4.2.2&#8243; custom_padding=&#8221;0px|0px|50px|0px|false|false&#8221;][et_pb_column type=&#8221;4_4&#8243; [&hellip;]<\/p>","protected":false},"author":1,"featured_media":0,"parent":0,"menu_order":0,"comment_status":"closed","ping_status":"closed","template":"","meta":{"_et_pb_use_builder":"on","_et_pb_old_content":"","_et_gb_content_width":"","footnotes":""},"class_list":["post-260","page","type-page","status-publish","hentry"],"_links":{"self":[{"href":"https:\/\/euofchurch.org\/fr\/wp-json\/wp\/v2\/pages\/260","targetHints":{"allow":["GET"]}}],"collection":[{"href":"https:\/\/euofchurch.org\/fr\/wp-json\/wp\/v2\/pages"}],"about":[{"href":"https:\/\/euofchurch.org\/fr\/wp-json\/wp\/v2\/types\/page"}],"author":[{"embeddable":true,"href":"https:\/\/euofchurch.org\/fr\/wp-json\/wp\/v2\/users\/1"}],"replies":[{"embeddable":true,"href":"https:\/\/euofchurch.org\/fr\/wp-json\/wp\/v2\/comments?post=260"}],"version-history":[{"count":7,"href":"https:\/\/euofchurch.org\/fr\/wp-json\/wp\/v2\/pages\/260\/revisions"}],"predecessor-version":[{"id":328,"href":"https:\/\/euofchurch.org\/fr\/wp-json\/wp\/v2\/pages\/260\/revisions\/328"}],"wp:attachment":[{"href":"https:\/\/euofchurch.org\/fr\/wp-json\/wp\/v2\/media?parent=260"}],"curies":[{"name":"wp","href":"https:\/\/api.w.org\/{rel}","templated":true}]}}