{"id":265,"date":"2020-03-24T06:17:07","date_gmt":"2020-03-24T06:17:07","guid":{"rendered":"http:\/\/euofchurch.org\/?page_id=265"},"modified":"2024-09-06T20:07:30","modified_gmt":"2024-09-06T20:07:30","slug":"contact","status":"publish","type":"page","link":"https:\/\/euofchurch.org\/fr\/contact\/","title":{"rendered":"Contact"},"content":{"rendered":"<p>[et_pb_section fb_built=&#8221;1&#8243; _builder_version=&#8221;4.0.9&#8243; background_image=&#8221;http:\/\/euofchurch.org\/wp-content\/uploads\/2020\/01\/color-strip.png&#8221; background_size=&#8221;contain&#8221; background_position=&#8221;top_center&#8221; custom_padding=&#8221;||45px|||&#8221;][et_pb_row column_structure=&#8221;3_5,2_5&#8243; _builder_version=&#8221;4.0.9&#8243; custom_margin=&#8221;40px|auto||auto||&#8221;][et_pb_column type=&#8221;3_5&#8243; _builder_version=&#8221;4.0.9&#8243;][et_pb_text _builder_version=&#8221;4.2.2&#8243; header_2_font=&#8221;|600|||||||&#8221; header_2_font_size=&#8221;32px&#8221; custom_margin=&#8221;||8px|||&#8221;]<\/p>\n<h2>Contact<\/h2>\n<p>[\/et_pb_text][et_pb_text _builder_version=&#8221;4.2.2&#8243; text_line_height=&#8221;1.8em&#8221;]<\/p>\n<div class=\"gform_heading translation-block\">Utilisez le formulaire ci-dessous pour nous faire savoir comment l'Union \u00e9vang\u00e9lique des p\u00eacheurs peut vous aider. Nous aimerions recevoir de vos nouvelles!<\/div>\n<p>[\/et_pb_text][\/et_pb_column][et_pb_column type=&#8221;2_5&#8243; _builder_version=&#8221;4.0.9&#8243;][\/et_pb_column][\/et_pb_row][et_pb_row _builder_version=&#8221;4.2.2&#8243;][et_pb_column _builder_version=&#8221;4.2.2&#8243; type=&#8221;4_4&#8243;][et_pb_image src=&#8221;http:\/\/euofchurch.org\/wp-content\/uploads\/2020\/03\/header-contact.jpg&#8221; _builder_version=&#8221;4.2.2&#8243; hover_enabled=&#8221;0&#8243;][\/et_pb_image][\/et_pb_column][\/et_pb_row][\/et_pb_section][et_pb_section fb_built=&#8221;1&#8243; _builder_version=&#8221;4.2.2&#8243; custom_margin=&#8221;||-3px|||&#8221; custom_padding=&#8221;0px||1px|||&#8221;][et_pb_row column_structure=&#8221;1_3,2_3&#8243; _builder_version=&#8221;4.2.2&#8243; custom_padding=&#8221;0px|0px|50px|0px|false|false&#8221;][et_pb_column type=&#8221;1_3&#8243; _builder_version=&#8221;4.2.2&#8243;][et_pb_text _builder_version=&#8221;4.2.2&#8243;]<\/p>\n<p><strong>Location<\/strong><\/p>\n<p><span style=\"color: #000080;\"><strong>Evangelical Union of Fisherman<\/strong><\/span><br \/>\n789 E Prima Vista Blvd.<br \/>\nPort Saint Lucie, Florida 34952<\/p>\n<p><a href=\"https:\/\/goo.gl\/maps\/GVZ7r\">Obtenir des Directions<\/a><\/p>\n<p>[\/et_pb_text][\/et_pb_column][et_pb_column type=&#8221;2_3&#8243; _builder_version=&#8221;4.2.2&#8243;][et_pb_code _builder_version=&#8221;4.2.2&#8243;]<div class=\"wpforms-container wpforms-container-full\" id=\"wpforms-270\"><form id=\"wpforms-form-270\" class=\"wpforms-validate wpforms-form\" data-formid=\"270\" method=\"post\" enctype=\"multipart\/form-data\" action=\"\/fr\/wp-json\/wp\/v2\/pages\/265\" data-token=\"4a284ffc9581769b466714b20f624742\" data-token-time=\"1776965826\" data-trp-original-action=\"\/fr\/wp-json\/wp\/v2\/pages\/265\"><noscript class=\"wpforms-error-noscript\">Veuillez activer JavaScript dans votre navigateur pour remplir ce formulaire.<\/noscript><div class=\"wpforms-field-container\"><div id=\"wpforms-270-field_0-container\" class=\"wpforms-field wpforms-field-name\" data-field-id=\"0\"><label class=\"wpforms-field-label\">Name <span class=\"wpforms-required-label\">*<\/span><\/label><div class=\"wpforms-field-row wpforms-field-large\"><div class=\"wpforms-field-row-block wpforms-first wpforms-one-half\"><input type=\"text\" id=\"wpforms-270-field_0\" class=\"wpforms-field-name-first wpforms-field-required\" name=\"wpforms[fields][0][first]\" required><label for=\"wpforms-270-field_0\" class=\"wpforms-field-sublabel after\">Pr\u00e9nom<\/label><\/div><div class=\"wpforms-field-row-block wpforms-one-half\"><input type=\"text\" id=\"wpforms-270-field_0-last\" class=\"wpforms-field-name-last wpforms-field-required\" name=\"wpforms[fields][0][last]\" required><label for=\"wpforms-270-field_0-last\" class=\"wpforms-field-sublabel after\">Nom<\/label><\/div><\/div><\/div><div id=\"wpforms-270-field_1-container\" class=\"wpforms-field wpforms-field-email\" data-field-id=\"1\"><label class=\"wpforms-field-label\" for=\"wpforms-270-field_1\">Email <span class=\"wpforms-required-label\">*<\/span><\/label><input type=\"email\" id=\"wpforms-270-field_1\" class=\"wpforms-field-large wpforms-field-required\" name=\"wpforms[fields][1]\" spellcheck=\"false\" required><\/div><div id=\"wpforms-270-field_2-container\" class=\"wpforms-field wpforms-field-textarea\" data-field-id=\"2\"><label class=\"wpforms-field-label\" for=\"wpforms-270-field_2\">Comment or Message <span class=\"wpforms-required-label\">*<\/span><\/label><textarea id=\"wpforms-270-field_2\" class=\"wpforms-field-medium wpforms-field-required\" name=\"wpforms[fields][2]\" required><\/textarea><\/div><\/div><!-- .wpforms-field-container --><div class=\"wpforms-field wpforms-field-hp\"><label for=\"wpforms-270-field-hp\" class=\"wpforms-field-label\">Comment<\/label><input type=\"text\" name=\"wpforms[hp]\" id=\"wpforms-270-field-hp\" class=\"wpforms-field-medium\"><\/div><div class=\"wpforms-submit-container\" ><input type=\"hidden\" name=\"wpforms[id]\" value=\"270\"><input type=\"hidden\" name=\"page_title\" value=\"\"><input type=\"hidden\" name=\"page_url\" value=\"https:\/\/euofchurch.org\/fr\/wp-json\/wp\/v2\/pages\/265\"><input type=\"hidden\" name=\"url_referer\" value=\"\"><button type=\"submit\" name=\"wpforms[submit]\" id=\"wpforms-submit-270\" class=\"wpforms-submit\" data-alt-text=\"Sending...\" data-submit-text=\"Submit\" aria-live=\"assertive\" value=\"wpforms-submit\">Submit<\/button><\/div><input type=\"hidden\" name=\"trp-form-language\" value=\"fr\"\/><\/form><\/div>  <!-- .wpforms-container -->[\/et_pb_code][\/et_pb_column][\/et_pb_row][et_pb_row _builder_version=&#8221;4.2.2&#8243;][et_pb_column type=&#8221;4_4&#8243; _builder_version=&#8221;4.2.2&#8243;][et_pb_code _builder_version=&#8221;4.2.2&#8243;]<div id=\"wpgmza_map\" class=\"wpgmza_map\" data-settings='{\"id\":\"1\",\"map_title\":\"EUOF Map\",\"map_width\":\"100\",\"map_height\":\"400\",\"map_start_lat\":\"27.217405\",\"map_start_lng\":\"-80.355640\",\"map_start_location\":\"27.217404799999997,-80.3556401\",\"map_start_zoom\":\"15\",\"default_marker\":\"0\",\"type\":\"1\",\"alignment\":\"2\",\"directions_enabled\":\"1\",\"styling_enabled\":\"0\",\"styling_json\":\"\",\"active\":\"0\",\"kml\":\"\",\"bicycle\":\"0\",\"traffic\":\"0\",\"dbox\":\"1\",\"dbox_width\":\"100\",\"listmarkers\":\"0\",\"listmarkers_advanced\":\"0\",\"filterbycat\":\"0\",\"ugm_enabled\":\"0\",\"ugm_category_enabled\":\"0\",\"fusion\":\"\",\"map_width_type\":\"\\\\%\",\"map_height_type\":\"px\",\"mass_marker_support\":\"1\",\"ugm_access\":\"0\",\"order_markers_by\":\"1\",\"order_markers_choice\":\"2\",\"show_user_location\":\"0\",\"default_to\":\"\",\"other_settings\":{\"store_locator_enabled\":2,\"store_locator_distance\":2,\"store_locator_default_radius\":10,\"store_locator_not_found_message\":\"No results found in this location. Please try again.\",\"store_locator_bounce\":1,\"store_locator_query_string\":\"ZIP \\\/ Address:\",\"store_locator_default_address\":\"\",\"wpgmza_store_locator_restrict\":\"\",\"wpgmza_store_locator_radius_style\":\"modern\",\"map_max_zoom\":\"1\",\"transport_layer\":0,\"wpgmza_show_points_of_interest\":0,\"wpgmza_auto_night\":0}}' data-map-id='1' data-maps-engine='open-layers' data-shortcode-attributes='{\"id\":\"1\"}' style=\"display:block; overflow:auto; width:100%; height:400px; float:left;\"><\/div>[\/et_pb_code][\/et_pb_column][\/et_pb_row][\/et_pb_section][et_pb_section fb_built=&#8221;1&#8243; _builder_version=&#8221;4.0.9&#8243; custom_padding=&#8221;0px|||||&#8221; global_module=&#8221;157&#8243; collapsed=&#8221;off&#8221;][et_pb_row _builder_version=&#8221;4.0.9&#8243; custom_margin=&#8221;|auto|-4px|auto||&#8221;][et_pb_column type=&#8221;4_4&#8243; _builder_version=&#8221;4.0.9&#8243;][et_pb_text _builder_version=&#8221;4.2.2&#8243; header_2_font_size=&#8221;48px&#8221; header_3_font=&#8221;|700||on|||||&#8221; header_3_text_align=&#8221;center&#8221; header_3_font_size=&#8221;20px&#8221; custom_margin=&#8221;60px||14px||false|false&#8221;]<\/p>\n<h3 class=\"p1\">\u00c9v\u00e8nements \u00e0 Venir<\/h3>\n<p>[\/et_pb_text][et_pb_code _builder_version=&#8221;4.2.2&#8243; custom_margin=&#8221;-4px|||||&#8221;]<div id='evcal_calendar_413' class='list_cal ajde_evcal_calendar boxy boxstyle0 ul' ><div class='evo-data' data-cyear=\"2026\" data-cmonth=\"4\" data-runajax=\"1\" data-evc_open=\"0\" data-cal_ver=\"2.6.10\" data-mapscroll=\"true\" data-mapformat=\"roadmap\" data-mapzoom=\"18\" data-mapiconurl=\"\" data-ev_cnt=\"2\" data-show_limit=\"no\" data-tiles=\"yes\" data-sort_by=\"sort_date\" data-filters_on=\"true\" data-range_start=\"0\" data-range_end=\"0\" data-send_unix=\"0\" data-ux_val=\"3\" data-accord=\"0\" data-rtl=\"no\"  ><\/div><div id='evcal_head' class='calendar_header' ><div class='evo_cal_above'><span class='evo-gototoday-btn' style='display:none' data-mo='4' data-yr='2026' data-dy=''>Current Month<\/span><\/div><div class='evo_cal_above_content'><\/div><div class='cal_arguments' style='display:none' data-hide_past=\"yes\" data-show_et_ft_img=\"no\" data-event_order=\"ASC\" data-ft_event_priority=\"no\" data-lang=\"L1\" data-month_incre=\"0\" data-only_ft=\"no\" data-evc_open=\"no\" data-show_limit=\"no\" data-etc_override=\"yes\" data-show_limit_redir=\"0\" data-tiles=\"yes\" data-tile_height=\"150\" data-tile_bg=\"0\" data-tile_count=\"2\" data-tile_style=\"0\" data-s=\"\" data-members_only=\"no\" data-ux_val=\"3\" data-show_limit_ajax=\"no\" data-show_limit_paged=\"1\" data-hide_mult_occur=\"no\" data-show_repeats=\"no\" ><\/div><div class='clear'><\/div><\/div><div id='evcal_list' class='eventon_events_list'><div class='eventon_list_event'><p class='no_events' >No Events<\/p><\/div><\/div><div class='clear'><\/div><\/div><!-- ajde_evcal_calendar-->[\/et_pb_code][\/et_pb_column][\/et_pb_row][et_pb_row column_structure=&#8221;1_3,1_3,1_3&#8243; use_custom_gutter=&#8221;on&#8221; gutter_width=&#8221;1&#8243; _builder_version=&#8221;4.2.2&#8243; max_width=&#8221;600px&#8221; module_alignment=&#8221;center&#8221;][et_pb_column type=&#8221;1_3&#8243; _builder_version=&#8221;4.2.2&#8243;][et_pb_image src=&#8221;http:\/\/euofchurch.org\/wp-content\/uploads\/2020\/03\/icon-ig.jpg&#8221; url=&#8221;https:\/\/www.instagram.com\/euofchurch\/&#8221; url_new_window=&#8221;on&#8221; align=&#8221;center&#8221; _builder_version=&#8221;4.2.2&#8243; custom_margin=&#8221;|50px||50px|false|true&#8221; custom_margin_tablet=&#8221;|190px||190px|false|true&#8221; custom_margin_phone=&#8221;|110px||110px|false|true&#8221; custom_margin_last_edited=&#8221;on|phone&#8221;][\/et_pb_image][\/et_pb_column][et_pb_column type=&#8221;1_3&#8243; _builder_version=&#8221;4.2.2&#8243;][et_pb_image src=&#8221;http:\/\/euofchurch.org\/wp-content\/uploads\/2020\/03\/icon-facebook.jpg&#8221; url=&#8221;https:\/\/www.facebook.com\/euofchurch\/&#8221; url_new_window=&#8221;on&#8221; align=&#8221;center&#8221; _builder_version=&#8221;4.2.2&#8243; custom_margin=&#8221;|50px||50px|false|true&#8221; custom_margin_tablet=&#8221;|190px||190px|false|true&#8221; custom_margin_phone=&#8221;|110px||110px|false|true&#8221; custom_margin_last_edited=&#8221;on|phone&#8221;][\/et_pb_image][\/et_pb_column][et_pb_column type=&#8221;1_3&#8243; _builder_version=&#8221;4.2.2&#8243;][et_pb_image src=&#8221;http:\/\/euofchurch.org\/wp-content\/uploads\/2020\/03\/icon-tithely.jpg&#8221; url=&#8221;https:\/\/tithe.ly\/give_new\/www\/#\/tithely\/give-one-time\/862506&#8243; url_new_window=&#8221;on&#8221; align=&#8221;center&#8221; _builder_version=&#8221;4.2.2&#8243; custom_margin=&#8221;|50px||50px|false|true&#8221; custom_margin_tablet=&#8221;|190px||190px|false|true&#8221; custom_margin_phone=&#8221;|110px||110px|false|true&#8221; custom_margin_last_edited=&#8221;on|phone&#8221;][\/et_pb_image][\/et_pb_column][\/et_pb_row][et_pb_row _builder_version=&#8221;4.2.2&#8243; custom_padding=&#8221;0px|||||&#8221;][et_pb_column type=&#8221;4_4&#8243; _builder_version=&#8221;4.2.2&#8243;][et_pb_divider color=&#8221;#48a4db&#8221; divider_position=&#8221;center&#8221; _builder_version=&#8221;4.2.2&#8243;][\/et_pb_divider][et_pb_image src=&#8221;http:\/\/euofchurch.org\/wp-content\/uploads\/2020\/01\/euof-logo-e1580748467319.png&#8221; align=&#8221;center&#8221; _builder_version=&#8221;4.2.2&#8243; custom_margin=&#8221;||15px|||&#8221;][\/et_pb_image][et_pb_text _builder_version=&#8221;4.2.2&#8243; header_text_align=&#8221;center&#8221; header_font_size=&#8221;18px&#8221; custom_margin=&#8221;||-2px|||&#8221;]<\/p>\n<h1>Evangelical Union of Fisherman<\/h1>\n<p>[\/et_pb_text][et_pb_text _builder_version=&#8221;4.2.2&#8243; text_font_size=&#8221;14px&#8221; text_line_height=&#8221;1.5em&#8221; header_text_align=&#8221;center&#8221; header_font_size=&#8221;18px&#8221; text_orientation=&#8221;center&#8221;]<\/p>\n<p>[\/et_pb_text][et_pb_code _builder_version=&#8221;4.2.2&#8243; text_orientation=&#8221;center&#8221;]<\/p>\n<form action=\"https:\/\/www.paypal.com\/cgi-bin\/webscr\" method=\"post\" target=\"_top\"><!-- [et_pb_line_break_holder] --><input name=\"cmd\" type=\"hidden\" value=\"_s-xclick\" \/><!-- [et_pb_line_break_holder] --><input name=\"hosted_button_id\" type=\"hidden\" value=\"62Q85LC2SZ642\" \/><!-- [et_pb_line_break_holder] --><input title=\"PayPal - The safer, easier way to pay online!\" alt=\"Donate with PayPal button\" name=\"submit\" src=\"https:\/\/www.paypalobjects.com\/en_US\/i\/btn\/btn_donateCC_LG.gif\" type=\"image\" \/><!-- [et_pb_line_break_holder] --><img loading=\"lazy\" decoding=\"async\" src=\"https:\/\/www.paypal.com\/en_US\/i\/scr\/pixel.gif\" alt=\"\" width=\"1\" height=\"1\" border=\"0\" \/><!-- [et_pb_line_break_holder] --><\/form>\n<p>[\/et_pb_code][\/et_pb_column][\/et_pb_row][\/et_pb_section]<\/p>","protected":false},"excerpt":{"rendered":"<p>[et_pb_section fb_built=&#8221;1&#8243; _builder_version=&#8221;4.0.9&#8243; background_image=&#8221;http:\/\/euofchurch.org\/wp-content\/uploads\/2020\/01\/color-strip.png&#8221; background_size=&#8221;contain&#8221; background_position=&#8221;top_center&#8221; custom_padding=&#8221;||45px|||&#8221;][et_pb_row column_structure=&#8221;3_5,2_5&#8243; _builder_version=&#8221;4.0.9&#8243; custom_margin=&#8221;40px|auto||auto||&#8221;][et_pb_column type=&#8221;3_5&#8243; _builder_version=&#8221;4.0.9&#8243;][et_pb_text _builder_version=&#8221;4.2.2&#8243; header_2_font=&#8221;|600|||||||&#8221; header_2_font_size=&#8221;32px&#8221; custom_margin=&#8221;||8px|||&#8221;] Contact [\/et_pb_text][et_pb_text _builder_version=&#8221;4.2.2&#8243; text_line_height=&#8221;1.8em&#8221;] Use the form below to let us know how\u00a0Evangelical Union of Fisherman\u00a0can help you.\u00a0We&#8217;d love to hear from you! [\/et_pb_text][\/et_pb_column][et_pb_column type=&#8221;2_5&#8243; _builder_version=&#8221;4.0.9&#8243;][\/et_pb_column][\/et_pb_row][et_pb_row _builder_version=&#8221;4.2.2&#8243;][et_pb_column _builder_version=&#8221;4.2.2&#8243; type=&#8221;4_4&#8243;][et_pb_image src=&#8221;http:\/\/euofchurch.org\/wp-content\/uploads\/2020\/03\/header-contact.jpg&#8221; _builder_version=&#8221;4.2.2&#8243; hover_enabled=&#8221;0&#8243;][\/et_pb_image][\/et_pb_column][\/et_pb_row][\/et_pb_section][et_pb_section fb_built=&#8221;1&#8243; _builder_version=&#8221;4.2.2&#8243; custom_margin=&#8221;||-3px|||&#8221; custom_padding=&#8221;0px||1px|||&#8221;][et_pb_row column_structure=&#8221;1_3,2_3&#8243; _builder_version=&#8221;4.2.2&#8243; custom_padding=&#8221;0px|0px|50px|0px|false|false&#8221;][et_pb_column [&hellip;]<\/p>","protected":false},"author":1,"featured_media":0,"parent":0,"menu_order":0,"comment_status":"closed","ping_status":"closed","template":"","meta":{"_et_pb_use_builder":"on","_et_pb_old_content":"","_et_gb_content_width":"","footnotes":""},"class_list":["post-265","page","type-page","status-publish","hentry"],"_links":{"self":[{"href":"https:\/\/euofchurch.org\/fr\/wp-json\/wp\/v2\/pages\/265","targetHints":{"allow":["GET"]}}],"collection":[{"href":"https:\/\/euofchurch.org\/fr\/wp-json\/wp\/v2\/pages"}],"about":[{"href":"https:\/\/euofchurch.org\/fr\/wp-json\/wp\/v2\/types\/page"}],"author":[{"embeddable":true,"href":"https:\/\/euofchurch.org\/fr\/wp-json\/wp\/v2\/users\/1"}],"replies":[{"embeddable":true,"href":"https:\/\/euofchurch.org\/fr\/wp-json\/wp\/v2\/comments?post=265"}],"version-history":[{"count":9,"href":"https:\/\/euofchurch.org\/fr\/wp-json\/wp\/v2\/pages\/265\/revisions"}],"predecessor-version":[{"id":650,"href":"https:\/\/euofchurch.org\/fr\/wp-json\/wp\/v2\/pages\/265\/revisions\/650"}],"wp:attachment":[{"href":"https:\/\/euofchurch.org\/fr\/wp-json\/wp\/v2\/media?parent=265"}],"curies":[{"name":"wp","href":"https:\/\/api.w.org\/{rel}","templated":true}]}}