{"id":36,"date":"2020-01-29T06:38:26","date_gmt":"2020-01-29T06:38:26","guid":{"rendered":"http:\/\/euofchurch.org\/?page_id=36"},"modified":"2025-04-29T01:26:08","modified_gmt":"2025-04-29T01:26:08","slug":"homepage","status":"publish","type":"page","link":"https:\/\/euofchurch.org\/fr\/","title":{"rendered":"Evangelical Union of Fishermen"},"content":{"rendered":"<p>[et_pb_section fb_built=&#8221;1&#8243; custom_padding_last_edited=&#8221;on|phone&#8221; _builder_version=&#8221;4.2.2&#8243; background_image=&#8221;http:\/\/euofchurch.org\/wp-content\/uploads\/2020\/01\/website-masthead02.jpg&#8221; custom_padding=&#8221;61px||60px|||&#8221; custom_padding_tablet=&#8221;&#8221; custom_padding_phone=&#8221;15px||15px||true|false&#8221;][et_pb_row _builder_version=&#8221;4.0.9&#8243;][et_pb_column type=&#8221;4_4&#8243; _builder_version=&#8221;4.0.9&#8243;][et_pb_text _builder_version=&#8221;4.2.2&#8243; header_2_text_color=&#8221;#ffffff&#8221; header_2_font_size=&#8221;68px&#8221; header_2_letter_spacing=&#8221;-1px&#8221; custom_padding=&#8221;|382px||||&#8221; custom_padding_tablet=&#8221;|0px|||false|false&#8221; custom_padding_phone=&#8221;&#8221; custom_padding_last_edited=&#8221;on|tablet&#8221; header_2_font_size_tablet=&#8221;52px&#8221; header_2_font_size_phone=&#8221;32px&#8221; header_2_font_size_last_edited=&#8221;on|phone&#8221;]<\/p>\n<h2 class=\"p1\"><span class=\"s1\">Suiv mwen,<br \/>\n<\/span><span class=\"s1\">e mwen pral f\u00e8 ou<br \/>\n<\/span><span class=\"s1\">pech\u00e8 moun<\/span><\/h2>\n<p>[\/et_pb_text][et_pb_text _builder_version=&#8221;4.0.9&#8243; text_text_color=&#8221;#ffffff&#8221; text_font_size=&#8221;28px&#8221;]- Jesus[\/et_pb_text][\/et_pb_column][\/et_pb_row][\/et_pb_section][et_pb_section fb_built=&#8221;1&#8243; _builder_version=&#8221;4.0.9&#8243; custom_padding=&#8221;0px||0px|||&#8221;][et_pb_row _builder_version=&#8221;4.0.9&#8243; custom_padding=&#8221;0px||0px|||&#8221;][et_pb_column type=&#8221;4_4&#8243; _builder_version=&#8221;4.0.9&#8243;][et_pb_code _builder_version=&#8221;4.2.2&#8243;]<div aria-live=\"polite\" id=\"soliloquy-container-424\" class=\"soliloquy-container soliloquy-transition-fade  soliloquy-theme-classic\" style=\"max-width:1175px;max-height:428px;\"><ul id=\"soliloquy-424\" class=\"soliloquy-slider soliloquy-slides soliloquy-wrap soliloquy-clear\"><li aria-hidden=\"true\" class=\"soliloquy-item soliloquy-item-1 soliloquy-image-slide\" draggable=\"false\" style=\"list-style:none\"><img decoding=\"async\" id=\"soliloquy-image-426\" class=\"soliloquy-image soliloquy-image-1\" src=\"https:\/\/euofchurch.org\/wp-content\/uploads\/2020\/03\/02.jpg\" alt=\"02\" \/><\/li><li aria-hidden=\"true\" class=\"soliloquy-item soliloquy-item-2 soliloquy-image-slide\" draggable=\"false\" style=\"list-style:none\"><img decoding=\"async\" id=\"soliloquy-image-428\" class=\"soliloquy-image soliloquy-image-2\" src=\"https:\/\/euofchurch.org\/wp-content\/uploads\/2020\/03\/04.jpg\" alt=\"04\" \/><\/li><li aria-hidden=\"true\" class=\"soliloquy-item soliloquy-item-3 soliloquy-image-slide\" draggable=\"false\" style=\"list-style:none\"><img decoding=\"async\" id=\"soliloquy-image-427\" class=\"soliloquy-image soliloquy-image-3\" src=\"https:\/\/euofchurch.org\/wp-content\/uploads\/2020\/03\/03.jpg\" alt=\"03\" \/><\/li><li aria-hidden=\"true\" class=\"soliloquy-item soliloquy-item-4 soliloquy-image-slide\" draggable=\"false\" style=\"list-style:none\"><img decoding=\"async\" id=\"soliloquy-image-429\" class=\"soliloquy-image soliloquy-image-4\" src=\"https:\/\/euofchurch.org\/wp-content\/uploads\/2020\/03\/05.jpg\" alt=\"05\" \/><\/li><\/ul><\/div><noscript><style type=\"text\/css\">#soliloquy-container-424{opacity:1}<\/style><\/noscript>[\/et_pb_code][\/et_pb_column][\/et_pb_row][\/et_pb_section][et_pb_section fb_built=&#8221;1&#8243; _builder_version=&#8221;4.0.9&#8243; background_image=&#8221;http:\/\/euofchurch.org\/wp-content\/uploads\/2020\/01\/bg-blue.png&#8221; custom_padding=&#8221;0px||0px|||&#8221;][et_pb_row _builder_version=&#8221;4.0.9&#8243; custom_padding=&#8221;0px||0px|||&#8221;][et_pb_column type=&#8221;4_4&#8243; _builder_version=&#8221;4.0.9&#8243;][et_pb_text _builder_version=&#8221;4.2.2&#8243; header_font=&#8221;|700|||||||&#8221; header_text_color=&#8221;#ffd000&#8243; header_font_size=&#8221;24px&#8221; background_color=&#8221;#f71b36&#8243; custom_padding=&#8221;60px||15px|70px|false|false&#8221; custom_padding_tablet=&#8221;&#8221; custom_padding_phone=&#8221;40px||15px|30px|false|false&#8221; custom_padding_last_edited=&#8221;on|phone&#8221;]<\/p>\n<h1>Evangelical Union of Fisherman<\/h1>\n<p>[\/et_pb_text][\/et_pb_column][\/et_pb_row][et_pb_row column_structure=&#8221;1_2,1_2&#8243; custom_padding_last_edited=&#8221;on|phone&#8221; _builder_version=&#8221;4.2.2&#8243; background_color=&#8221;#f71b36&#8243; custom_padding=&#8221;0px|70px|91px|70px|false|true&#8221; custom_padding_tablet=&#8221;&#8221; custom_padding_phone=&#8221;0px|30px|91px|30px|false|true&#8221;][et_pb_column type=&#8221;1_2&#8243; _builder_version=&#8221;4.0.9&#8243;][et_pb_text _builder_version=&#8221;4.2.2&#8243; text_text_color=&#8221;#ffffff&#8221;]As fishers of men, we are mandated by God to seek the lost. We welcome people from all backgrounds, regardless of where they are on their spiritual journey. Our goal is to instill life and God\u2019s love into people and relationships through engaging worship services that offer biblical truth.\u00a0<strong>Jesus leads us to be a family that extends His grace, mercy, and forgiveness to everyone.\u00a0<\/strong>[\/et_pb_text][\/et_pb_column][et_pb_column type=&#8221;1_2&#8243; _builder_version=&#8221;4.0.9&#8243;][et_pb_text _builder_version=&#8221;4.2.2&#8243; text_text_color=&#8221;#ffffff&#8221;]<\/p>\n<p class=\"\">Peu importe ce que vous avez v\u00e9cu ou d'o\u00f9 vous venez, vous \u00eates les bienvenus ici. Ensemble, nous nous effor\u00e7ons d'afficher le genre de foi d\u00e9crit dans la Bible, o\u00f9 il y a un enseignement pertinent, un culte rempli d'esprit, des relations honn\u00eates, la pri\u00e8re et une v\u00e9ritable compassion pour ceux qui en ont besoin.<\/p>\n<p>[\/et_pb_text][\/et_pb_column][\/et_pb_row][et_pb_row column_structure=&#8221;1_2,1_2&#8243; _builder_version=&#8221;4.0.9&#8243; custom_padding=&#8221;0px|||||&#8221;][et_pb_column type=&#8221;1_2&#8243; _builder_version=&#8221;4.0.9&#8243;][et_pb_code _builder_version=&#8221;4.2.2&#8243;]<div aria-live=\"polite\" id=\"soliloquy-container-439\" class=\"soliloquy-container soliloquy-transition-fade  soliloquy-theme-classic\" style=\"max-width:592px;max-height:364px;\"><ul id=\"soliloquy-439\" class=\"soliloquy-slider soliloquy-slides soliloquy-wrap soliloquy-clear\"><li aria-hidden=\"true\" class=\"soliloquy-item soliloquy-item-1 soliloquy-image-slide\" draggable=\"false\" style=\"list-style:none\"><img decoding=\"async\" id=\"soliloquy-image-436\" class=\"soliloquy-image soliloquy-image-1\" src=\"https:\/\/euofchurch.org\/wp-content\/uploads\/2020\/03\/sm_0004_DSC00358.jpg\" alt=\"sm_0004_DSC00358\" \/><\/li><li aria-hidden=\"true\" class=\"soliloquy-item soliloquy-item-2 soliloquy-image-slide\" draggable=\"false\" style=\"list-style:none\"><img decoding=\"async\" id=\"soliloquy-image-432\" class=\"soliloquy-image soliloquy-image-2\" src=\"https:\/\/euofchurch.org\/wp-content\/uploads\/2020\/03\/sm_0000_DSC00326.jpg\" alt=\"sm_0000_DSC00326\" \/><\/li><li aria-hidden=\"true\" class=\"soliloquy-item soliloquy-item-3 soliloquy-image-slide\" draggable=\"false\" style=\"list-style:none\"><img decoding=\"async\" id=\"soliloquy-image-435\" class=\"soliloquy-image soliloquy-image-3\" src=\"https:\/\/euofchurch.org\/wp-content\/uploads\/2020\/03\/sm_0003_DSC00354.jpg\" alt=\"sm_0003_DSC00354\" \/><\/li><li aria-hidden=\"true\" class=\"soliloquy-item soliloquy-item-4 soliloquy-image-slide\" draggable=\"false\" style=\"list-style:none\"><img decoding=\"async\" id=\"soliloquy-image-434\" class=\"soliloquy-image soliloquy-image-4\" src=\"https:\/\/euofchurch.org\/wp-content\/uploads\/2020\/03\/sm_0002_DSC00371.jpg\" alt=\"sm_0002_DSC00371\" \/><\/li><\/ul><\/div><noscript><style type=\"text\/css\">#soliloquy-container-439{opacity:1}<\/style><\/noscript>[\/et_pb_code][\/et_pb_column][et_pb_column type=&#8221;1_2&#8243; _builder_version=&#8221;4.0.9&#8243;][\/et_pb_column][\/et_pb_row][\/et_pb_section][et_pb_section fb_built=&#8221;1&#8243; _builder_version=&#8221;4.0.9&#8243; background_image=&#8221;http:\/\/euofchurch.org\/wp-content\/uploads\/2020\/01\/shape-yellow.png&#8221; background_size=&#8221;initial&#8221; background_position=&#8221;top_left&#8221; custom_margin=&#8221;-149px||||false|false&#8221; custom_padding=&#8221;||0px|||&#8221;][et_pb_row _builder_version=&#8221;4.0.9&#8243; custom_margin=&#8221;|auto|2px|auto||&#8221; custom_padding=&#8221;||0px|||&#8221;][et_pb_column type=&#8221;4_4&#8243; _builder_version=&#8221;4.0.9&#8243;][\/et_pb_column][\/et_pb_row][et_pb_row column_structure=&#8221;1_2,1_2&#8243; use_custom_gutter=&#8221;on&#8221; gutter_width=&#8221;1&#8243; make_equal=&#8221;on&#8221; _builder_version=&#8221;4.0.9&#8243; custom_padding=&#8221;0px||0px|||&#8221;][et_pb_column type=&#8221;1_2&#8243; _builder_version=&#8221;4.0.9&#8243; custom_css_main_element=&#8221;margin: auto;&#8221;][et_pb_text _builder_version=&#8221;4.0.9&#8243; header_2_font_size=&#8221;48px&#8221; custom_margin=&#8221;||14px|||&#8221;]<\/p>\n<h2 class=\"p1\"><span class=\"s1\">Rejoignez-nous<br \/>\n<\/span><span class=\"s1\">ce Dimanche<\/span><\/h2>\n<p>[\/et_pb_text][et_pb_text _builder_version=&#8221;4.0.9&#8243; header_5_font=&#8221;|||on|||||&#8221; header_5_text_color=&#8221;#f71b36&#8243; custom_padding=&#8221;0px|90px|||false|false&#8221;]<\/p>\n<p class=\"p1\"><span class=\"s1\">We exist to bring glory to God by making disciples through gospel-centered worship, community, service and growth.<\/span><\/p>\n<h5 class=\"p1\"><\/h5>\n<h5 class=\"p1\"><span class=\"s1\">Obtenir des Directions<\/span><\/h5>\n<p>[\/et_pb_text][\/et_pb_column][et_pb_column type=&#8221;1_2&#8243; _builder_version=&#8221;4.0.9&#8243;][et_pb_image src=&#8221;http:\/\/euofchurch.org\/wp-content\/uploads\/2025\/04\/Screenshot-2025-04-28-203918.png&#8221; title_text=&#8221;Screenshot 2025-04-28 203918&#8243; _builder_version=&#8221;4.9.2&#8243;][\/et_pb_image][\/et_pb_column][\/et_pb_row][\/et_pb_section][et_pb_section fb_built=&#8221;1&#8243; _builder_version=&#8221;4.0.9&#8243; custom_padding=&#8221;0px||0px|||&#8221;][et_pb_row column_structure=&#8221;1_2,1_2&#8243; use_custom_gutter=&#8221;on&#8221; gutter_width=&#8221;1&#8243; make_equal=&#8221;on&#8221; _builder_version=&#8221;4.0.9&#8243; background_color=&#8221;#48a4db&#8221; custom_padding=&#8221;0px||0px|||&#8221; custom_css_main_element=&#8221;margin: auto;&#8221;][et_pb_column type=&#8221;1_2&#8243; _builder_version=&#8221;4.0.9&#8243;][et_pb_image src=&#8221;http:\/\/euofchurch.org\/wp-content\/uploads\/2020\/01\/bible-red.png&#8221; _builder_version=&#8221;4.0.9&#8243; custom_padding=&#8221;|1px||||&#8221;][\/et_pb_image][\/et_pb_column][et_pb_column type=&#8221;1_2&#8243; _builder_version=&#8221;4.0.9&#8243; background_color=&#8221;#48a4db&#8221; custom_css_main_element=&#8221;margin: auto;&#8221;][et_pb_text _builder_version=&#8221;4.2.2&#8243; text_text_color=&#8221;#ffffff&#8221; header_5_font=&#8221;|700|||||||&#8221; header_5_text_color=&#8221;#ffffff&#8221; header_5_font_size=&#8221;18px&#8221; header_5_line_height=&#8221;0.3em&#8221; custom_margin=&#8221;-3px|||||&#8221; custom_padding=&#8221;50px|50px|50px|50px|true|true&#8221; header_5_line_height_tablet=&#8221;&#8221; header_5_line_height_phone=&#8221;1.2em&#8221; header_5_line_height_last_edited=&#8221;on|phone&#8221;]<\/p>\n<h5 class=\"p1\">\u00a0<\/h5>\n<h5 class=\"p1\"><span class=\"s1\">Sunday<\/span><\/h5>\n<p>Sunday School: 8:30 a.m. &#8211; 9:30 a.m.<\/p>\n<p><span class=\"s1\">Sunday Morning Service: 9:35 a.m. &#8211; 11:35 a.m.<br \/><\/span><span class=\"s1\">Sunday Evening Service: 7 p.m. \u2013 8:30 p.m.<\/span><\/p>\n<h5 class=\"p1\"><span class=\"s1\">Tuesday<\/span><\/h5>\n<p>Prayer \/ Fasting: 8:30 a.m. &#8211; 12:00 p.m.<\/p>\n<p><span class=\"s1\"><\/span>Choir: 7:00 p.m. &#8211; 9:00 p.m.<\/p>\n<h5 class=\"p1\"><span class=\"s1\">Wednesday<\/span><\/h5>\n<p>Bible Study (Zoom): 6:00 p.m. &#8211; 8:00 p.m.<br \/><span class=\"s1\"><\/span><\/p>\n<p><span class=\"s1\"><\/span><\/p>\n<h5 class=\"p1\"><span class=\"s1\">Evangelical Union of Fisherman<\/span><\/h5>\n<p class=\"p1\"><span class=\"s1\">789 E Prima Vista Blvd.<br \/><\/span><span class=\"s1\">Port Saint Lucie, Florida 34952<\/span><\/p>\n<p>[\/et_pb_text][\/et_pb_column][\/et_pb_row][et_pb_row column_structure=&#8221;1_2,1_2&#8243; use_custom_gutter=&#8221;on&#8221; gutter_width=&#8221;1&#8243; make_equal=&#8221;on&#8221; _builder_version=&#8221;4.0.9&#8243; background_color=&#8221;rgba(0,0,0,0)&#8221; custom_padding=&#8221;0px||0px|||&#8221; custom_css_main_element=&#8221;margin: auto;&#8221;][et_pb_column type=&#8221;1_2&#8243; _builder_version=&#8221;4.0.9&#8243;][\/et_pb_column][et_pb_column type=&#8221;1_2&#8243; _builder_version=&#8221;4.0.9&#8243; background_color=&#8221;#ffc300&#8243; background_enable_image=&#8221;off&#8221; background_size=&#8221;contain&#8221; background_position=&#8221;center_right&#8221; custom_css_main_element=&#8221;margin: auto;&#8221;][et_pb_text _builder_version=&#8221;4.0.9&#8243; text_text_color=&#8221;#ffffff&#8221; text_font_size=&#8221;22px&#8221; header_text_color=&#8221;#ffffff&#8221; header_5_font=&#8221;|700|||||||&#8221; header_5_text_color=&#8221;#ffffff&#8221; header_5_font_size=&#8221;32px&#8221; custom_margin=&#8221;-3px|||||&#8221; custom_padding=&#8221;30px|50px|30px|50px|true|true&#8221; link_option_url=&#8221;\/contact&#8221;]<\/p>\n<h5 class=\"p1\"><span class=\"s1\"><b>Rendez nous visite.<\/b><\/span><\/h5>\n<p class=\"p1\"><span class=\"s1\">Venez communion avec nous. <\/span><\/p>\n<p>[\/et_pb_text][\/et_pb_column][\/et_pb_row][\/et_pb_section][et_pb_section fb_built=&#8221;1&#8243; _builder_version=&#8221;4.0.9&#8243; custom_padding=&#8221;0px|||||&#8221;][et_pb_row _builder_version=&#8221;4.0.9&#8243; custom_margin=&#8221;|auto|-4px|auto||&#8221;][et_pb_column type=&#8221;4_4&#8243; _builder_version=&#8221;4.0.9&#8243;][et_pb_text _builder_version=&#8221;4.0.9&#8243; header_2_font_size=&#8221;48px&#8221; header_3_font=&#8221;|700||on|||||&#8221; header_3_text_align=&#8221;center&#8221; header_3_font_size=&#8221;20px&#8221; custom_margin=&#8221;60px||14px||false|false&#8221;]<\/p>\n<h3 class=\"p1\">\u00c9v\u00e8nements \u00e0 Venir<\/h3>\n<p>[\/et_pb_text][et_pb_code _builder_version=&#8221;4.0.9&#8243; custom_margin=&#8221;-4px|||||&#8221;]<div id='evcal_calendar_707' class='list_cal ajde_evcal_calendar boxy boxstyle0 ul' ><div class='evo-data' data-cyear=\"2026\" data-cmonth=\"4\" data-runajax=\"1\" data-evc_open=\"0\" data-cal_ver=\"2.6.10\" data-mapscroll=\"true\" data-mapformat=\"roadmap\" data-mapzoom=\"18\" data-mapiconurl=\"\" data-ev_cnt=\"2\" data-show_limit=\"no\" data-tiles=\"yes\" data-sort_by=\"sort_date\" data-filters_on=\"true\" data-range_start=\"0\" data-range_end=\"0\" data-send_unix=\"0\" data-ux_val=\"3\" data-accord=\"0\" data-rtl=\"no\"  ><\/div><div id='evcal_head' class='calendar_header' ><div class='evo_cal_above'><span class='evo-gototoday-btn' style='display:none' data-mo='4' data-yr='2026' data-dy=''>Current Month<\/span><\/div><div class='evo_cal_above_content'><\/div><div class='cal_arguments' style='display:none' data-hide_past=\"yes\" data-show_et_ft_img=\"no\" data-event_order=\"ASC\" data-ft_event_priority=\"no\" data-lang=\"L1\" data-month_incre=\"0\" data-only_ft=\"no\" data-evc_open=\"no\" data-show_limit=\"no\" data-etc_override=\"yes\" data-show_limit_redir=\"0\" data-tiles=\"yes\" data-tile_height=\"150\" data-tile_bg=\"0\" data-tile_count=\"2\" data-tile_style=\"0\" data-s=\"\" data-members_only=\"no\" data-ux_val=\"3\" data-show_limit_ajax=\"no\" data-show_limit_paged=\"1\" data-hide_mult_occur=\"no\" data-show_repeats=\"no\" ><\/div><div class='clear'><\/div><\/div><div id='evcal_list' class='eventon_events_list'><div class='eventon_list_event'><p class='no_events' >No Events<\/p><\/div><\/div><div class='clear'><\/div><\/div><!-- ajde_evcal_calendar-->[\/et_pb_code][\/et_pb_column][\/et_pb_row][et_pb_row column_structure=&#8221;1_3,1_3,1_3&#8243; use_custom_gutter=&#8221;on&#8221; gutter_width=&#8221;1&#8243; _builder_version=&#8221;4.2.2&#8243; max_width=&#8221;600px&#8221; module_alignment=&#8221;center&#8221;][et_pb_column type=&#8221;1_3&#8243; _builder_version=&#8221;4.2.2&#8243;][\/et_pb_column][et_pb_column type=&#8221;1_3&#8243; _builder_version=&#8221;4.2.2&#8243;][et_pb_image src=&#8221;http:\/\/euofchurch.org\/wp-content\/uploads\/2020\/03\/icon-facebook.jpg&#8221; url=&#8221;https:\/\/www.facebook.com\/euofchurch\/&#8221; url_new_window=&#8221;on&#8221; align=&#8221;center&#8221; _builder_version=&#8221;4.2.2&#8243; custom_margin=&#8221;|50px||50px|false|true&#8221;][\/et_pb_image][\/et_pb_column][et_pb_column type=&#8221;1_3&#8243; _builder_version=&#8221;4.2.2&#8243;][\/et_pb_column][\/et_pb_row][et_pb_row _builder_version=&#8221;4.2.2&#8243; custom_padding=&#8221;0px|||||&#8221; global_module=&#8221;143&#8243; saved_tabs=&#8221;all&#8221;][et_pb_column type=&#8221;4_4&#8243; _builder_version=&#8221;4.2.2&#8243;][et_pb_divider color=&#8221;#48a4db&#8221; divider_position=&#8221;center&#8221; _builder_version=&#8221;4.2.2&#8243;][\/et_pb_divider][et_pb_image src=&#8221;http:\/\/euofchurch.org\/wp-content\/uploads\/2020\/01\/euof-logo-e1580748467319.png&#8221; align=&#8221;center&#8221; _builder_version=&#8221;4.2.2&#8243; custom_margin=&#8221;||15px|||&#8221;][\/et_pb_image][et_pb_text _builder_version=&#8221;4.2.2&#8243; header_text_align=&#8221;center&#8221; header_font_size=&#8221;18px&#8221; custom_margin=&#8221;||-2px|||&#8221;]<\/p>\n<h1>Evangelical Union of Fisherman<\/h1>\n<p>[\/et_pb_text][et_pb_text _builder_version=&#8221;4.9.2&#8243; text_font_size=&#8221;14px&#8221; text_line_height=&#8221;1.5em&#8221; header_text_align=&#8221;center&#8221; header_font_size=&#8221;18px&#8221; text_orientation=&#8221;center&#8221;]<\/p>\n<p><span class=\"s1\">789 E Prima Vista Blvd.<br \/><\/span><span class=\"s1\">Port Saint Lucie, Florida 34952<\/span><\/p>\n<p>[\/et_pb_text][et_pb_code _builder_version=&#8221;4.2.2&#8243; text_orientation=&#8221;center&#8221;]<\/p>\n<form action=\"https:\/\/www.paypal.com\/cgi-bin\/webscr\" method=\"post\" target=\"_top\"><!-- [et_pb_line_break_holder] --><input type=\"hidden\" name=\"cmd\" value=\"_s-xclick\" \/><!-- [et_pb_line_break_holder] --><input type=\"hidden\" name=\"hosted_button_id\" value=\"62Q85LC2SZ642\" \/><!-- [et_pb_line_break_holder] --><input type=\"image\" src=\"https:\/\/www.paypalobjects.com\/en_US\/i\/btn\/btn_donateCC_LG.gif\" border=\"0\" name=\"submit\" title=\"PayPal - The safer, easier way to pay online!\" alt=\"Donate with PayPal button\" \/><!-- [et_pb_line_break_holder] --><img loading=\"lazy\" decoding=\"async\" alt=\"\" border=\"0\" src=\"https:\/\/www.paypal.com\/en_US\/i\/scr\/pixel.gif\" width=\"1\" height=\"1\" \/><!-- [et_pb_line_break_holder] --><\/form>\n<p>[\/et_pb_code][\/et_pb_column][\/et_pb_row][\/et_pb_section]<\/p>","protected":false},"excerpt":{"rendered":"<p>[et_pb_section fb_built=&#8221;1&#8243; custom_padding_last_edited=&#8221;on|phone&#8221; _builder_version=&#8221;4.2.2&#8243; background_image=&#8221;http:\/\/euofchurch.org\/wp-content\/uploads\/2020\/01\/website-masthead02.jpg&#8221; custom_padding=&#8221;61px||60px|||&#8221; custom_padding_tablet=&#8221;&#8221; custom_padding_phone=&#8221;15px||15px||true|false&#8221;][et_pb_row _builder_version=&#8221;4.0.9&#8243;][et_pb_column type=&#8221;4_4&#8243; _builder_version=&#8221;4.0.9&#8243;][et_pb_text _builder_version=&#8221;4.2.2&#8243; header_2_text_color=&#8221;#ffffff&#8221; header_2_font_size=&#8221;68px&#8221; header_2_letter_spacing=&#8221;-1px&#8221; custom_padding=&#8221;|382px||||&#8221; custom_padding_tablet=&#8221;|0px|||false|false&#8221; custom_padding_phone=&#8221;&#8221; custom_padding_last_edited=&#8221;on|tablet&#8221; header_2_font_size_tablet=&#8221;52px&#8221; header_2_font_size_phone=&#8221;32px&#8221; header_2_font_size_last_edited=&#8221;on|phone&#8221;] Follow me, and I will make you fishers of men [\/et_pb_text][et_pb_text _builder_version=&#8221;4.0.9&#8243; text_text_color=&#8221;#ffffff&#8221; text_font_size=&#8221;28px&#8221;]- Jesus[\/et_pb_text][\/et_pb_column][\/et_pb_row][\/et_pb_section][et_pb_section fb_built=&#8221;1&#8243; _builder_version=&#8221;4.0.9&#8243; custom_padding=&#8221;0px||0px|||&#8221;][et_pb_row _builder_version=&#8221;4.0.9&#8243; custom_padding=&#8221;0px||0px|||&#8221;][et_pb_column type=&#8221;4_4&#8243; _builder_version=&#8221;4.0.9&#8243;][et_pb_code _builder_version=&#8221;4.2.2&#8243;][\/et_pb_code][\/et_pb_column][\/et_pb_row][\/et_pb_section][et_pb_section fb_built=&#8221;1&#8243; _builder_version=&#8221;4.0.9&#8243; background_image=&#8221;http:\/\/euofchurch.org\/wp-content\/uploads\/2020\/01\/bg-blue.png&#8221; custom_padding=&#8221;0px||0px|||&#8221;][et_pb_row _builder_version=&#8221;4.0.9&#8243; custom_padding=&#8221;0px||0px|||&#8221;][et_pb_column type=&#8221;4_4&#8243; _builder_version=&#8221;4.0.9&#8243;][et_pb_text _builder_version=&#8221;4.2.2&#8243; header_font=&#8221;|700|||||||&#8221; [&hellip;]<\/p>","protected":false},"author":1,"featured_media":0,"parent":0,"menu_order":0,"comment_status":"closed","ping_status":"closed","template":"","meta":{"_et_pb_use_builder":"on","_et_pb_old_content":"","_et_gb_content_width":"","footnotes":""},"class_list":["post-36","page","type-page","status-publish","hentry"],"_links":{"self":[{"href":"https:\/\/euofchurch.org\/fr\/wp-json\/wp\/v2\/pages\/36","targetHints":{"allow":["GET"]}}],"collection":[{"href":"https:\/\/euofchurch.org\/fr\/wp-json\/wp\/v2\/pages"}],"about":[{"href":"https:\/\/euofchurch.org\/fr\/wp-json\/wp\/v2\/types\/page"}],"author":[{"embeddable":true,"href":"https:\/\/euofchurch.org\/fr\/wp-json\/wp\/v2\/users\/1"}],"replies":[{"embeddable":true,"href":"https:\/\/euofchurch.org\/fr\/wp-json\/wp\/v2\/comments?post=36"}],"version-history":[{"count":51,"href":"https:\/\/euofchurch.org\/fr\/wp-json\/wp\/v2\/pages\/36\/revisions"}],"predecessor-version":[{"id":679,"href":"https:\/\/euofchurch.org\/fr\/wp-json\/wp\/v2\/pages\/36\/revisions\/679"}],"wp:attachment":[{"href":"https:\/\/euofchurch.org\/fr\/wp-json\/wp\/v2\/media?parent=36"}],"curies":[{"name":"wp","href":"https:\/\/api.w.org\/{rel}","templated":true}]}}