{"id":371,"date":"2020-03-25T16:45:46","date_gmt":"2020-03-25T16:45:46","guid":{"rendered":"http:\/\/euofchurch.org\/?page_id=371"},"modified":"2020-08-06T13:29:21","modified_gmt":"2020-08-06T13:29:21","slug":"la-chapelle-school-in-haiti","status":"publish","type":"page","link":"https:\/\/euofchurch.org\/fr\/la-chapelle-school-in-haiti\/","title":{"rendered":"La Chapelle School in Haiti"},"content":{"rendered":"<p>[et_pb_section fb_built=&#8221;1&#8243; _builder_version=&#8221;4.0.9&#8243; background_image=&#8221;http:\/\/euofchurch.org\/wp-content\/uploads\/2020\/01\/color-strip.png&#8221; background_size=&#8221;contain&#8221; background_position=&#8221;top_center&#8221; custom_padding=&#8221;||45px|||&#8221;][et_pb_row column_structure=&#8221;3_5,2_5&#8243; _builder_version=&#8221;4.0.9&#8243; custom_margin=&#8221;40px|auto||auto||&#8221;][et_pb_column type=&#8221;3_5&#8243; _builder_version=&#8221;4.0.9&#8243;][et_pb_text _builder_version=&#8221;4.2.2&#8243; header_2_font=&#8221;|600|||||||&#8221; header_2_font_size=&#8221;32px&#8221; custom_margin=&#8221;||8px|||&#8221;]<\/p>\n<h2><span>La Chapelle\u00a0<\/span><span>School<\/span><\/h2>\n<p>[\/et_pb_text][et_pb_text _builder_version=&#8221;4.2.2&#8243; text_text_color=&#8221;#48a4db&#8221;]<\/p>\n<p class=\"p1\"><span>The Institution of Provide Providence K-8 in LaChapelle Haiti<\/span><\/p>\n<p>[\/et_pb_text][et_pb_text _builder_version=&#8221;4.2.2&#8243; text_line_height=&#8221;1.8em&#8221;]<\/p>\n<p class=\"p1 translation-block\">L'Institution de Provide Providence K-8 \u00e0 LaChapelle Ha\u00efti, est une \u00e9cole chr\u00e9tienne pour des enfants d\u00e9favoris\u00e9s qui est une extension de notre \u00e9glise s\u0153ur en Ha\u00efti.<\/p>\n<p>[\/et_pb_text][\/et_pb_column][et_pb_column type=&#8221;2_5&#8243; _builder_version=&#8221;4.0.9&#8243;][\/et_pb_column][\/et_pb_row][\/et_pb_section][et_pb_section fb_built=&#8221;1&#8243; _builder_version=&#8221;4.2.2&#8243; custom_margin=&#8221;||-3px|||&#8221; custom_padding=&#8221;0px||1px|||&#8221;][et_pb_row _builder_version=&#8221;4.2.2&#8243; custom_padding=&#8221;0px||0px|||&#8221;][et_pb_column type=&#8221;4_4&#8243; _builder_version=&#8221;4.2.2&#8243;][et_pb_image src=&#8221;http:\/\/euofchurch.org\/wp-content\/uploads\/2020\/08\/header-lachapelle-kids.jpg&#8221; _builder_version=&#8221;4.4.9&#8243; custom_margin=&#8221;||2px|||&#8221; hover_enabled=&#8221;0&#8243; title_text=&#8221;header-lachapelle-kids&#8221;][\/et_pb_image][\/et_pb_column][\/et_pb_row][\/et_pb_section][et_pb_section fb_built=&#8221;1&#8243; _builder_version=&#8221;4.0.9&#8243; custom_margin=&#8221;||0px|||&#8221; custom_padding=&#8221;0px|||||&#8221;][et_pb_row column_structure=&#8221;1_3,2_3&#8243; _builder_version=&#8221;4.2.2&#8243; custom_margin=&#8221;0px|auto||auto|false|false&#8221; custom_padding=&#8221;0px|||||&#8221;][et_pb_column type=&#8221;1_3&#8243; _builder_version=&#8221;4.0.9&#8243;][et_pb_image src=&#8221;http:\/\/euofchurch.org\/wp-content\/uploads\/2020\/03\/carlos-belon.jpg&#8221; _builder_version=&#8221;4.2.2&#8243;][\/et_pb_image][et_pb_text _builder_version=&#8221;4.2.2&#8243; text_text_color=&#8221;#000000&#8243; text_font_size=&#8221;12px&#8221; text_line_height=&#8221;1.4em&#8221;]<\/p>\n<p class=\"p1\"><span class=\"s1\"><b>Pastor Carlo Belon<br \/> <\/b><\/span><span class=\"s1\">Director<\/span><\/p>\n<p class=\"p1\"><a href=\"\/fr\/la-chapelle-school\/\"><span class=\"s1\">View Photo Gallery of Our Students<\/span><\/a><\/p>\n<p>[\/et_pb_text][\/et_pb_column][et_pb_column type=&#8221;2_3&#8243; _builder_version=&#8221;4.0.9&#8243;][et_pb_text _builder_version=&#8221;4.0.9&#8243; header_2_font=&#8221;||||||||&#8221; header_2_font_size=&#8221;32px&#8221; custom_margin=&#8221;||8px|-1px||&#8221; custom_padding=&#8221;80px|||||&#8221;]<\/p>\n<h2>Objectif<\/h2>\n<p>[\/et_pb_text][et_pb_text _builder_version=&#8221;4.0.9&#8243; text_line_height=&#8221;1.8em&#8221; custom_padding=&#8221;|0px||||&#8221;]<\/p>\n<p class=\"p1\"><span>Comme son nom l\u2019indique, l\u2019\u00e9cole dispense un enseignement aux enfants de la maternelle \u00e0 la 8e ann\u00e9e; enseigner les mati\u00e8res des math\u00e9matiques, des sciences, de la litt\u00e9rature, de l'art, de la culture, du cr\u00e9ole, du fran\u00e7ais et m\u00eame de l'anglais comme cours facultatif pour donner aux \u00e9tudiants une base solide de connaissances dont ils auront besoin dans la vie. <\/span><\/p>\n<p class=\"p1\"><span>Fond\u00e9e en 2003 par Provide Providence, l'\u00e9cole a prosp\u00e9r\u00e9 sous la direction de la famille Belon, le directeur de l'\u00e9cole \u00e9tant Carlo Belon depuis lors jusqu'\u00e0 pr\u00e9sent. Nous aspirons \u00e0 offrir une meilleure \u00e9ducation \u00e0 nos \u00e9l\u00e8ves et pr\u00e9voyons de le faire en rendant les salles de classe plus engageantes et en incorporant des laboratoires informatiques dans notre programme; ainsi que de fournir des opportunit\u00e9s parascolaires li\u00e9es \u00e0 la sant\u00e9 physique comme le football (soccer). <\/span><\/p>\n<p class=\"p1 translation-block\">Pour ce faire, nous demandons des dons pouvant \u00eatre mon\u00e9taires ou fournitures scolaires (ordinateurs, ordinateurs portables, cahiers, marqueurs, etc.). Vous pouvez le faire en utilisant le bouton de don ci-dessous ou en contactant Pastor Provide Providence.<\/p>\n<p>[\/et_pb_text][et_pb_button button_url=&#8221;https:\/\/www.paypal.com\/cgi-bin\/webscr?cmd=_s-xclick&#038;hosted_button_id=62Q85LC2SZ642&#038;source=url&#8221; url_new_window=&#8221;on&#8221; button_text=&#8221;Make a Donation to Our School in Haiti&#8221; _builder_version=&#8221;4.2.2&#8243; custom_button=&#8221;on&#8221; button_text_size=&#8221;14px&#8221; button_text_color=&#8221;#ffffff&#8221; button_bg_color=&#8221;#26AF5F&#8221; button_border_color=&#8221;#26AF5F&#8221; button_border_radius=&#8221;5px&#8221; button_font=&#8221;|||on|||||&#8221; button_icon=&#8221;%%155%%&#8221; button_icon_placement=&#8221;left&#8221;][\/et_pb_button][\/et_pb_column][\/et_pb_row][\/et_pb_section][et_pb_section fb_built=&#8221;1&#8243; _builder_version=&#8221;4.2.2&#8243;][et_pb_row column_structure=&#8221;1_3,2_3&#8243; use_custom_gutter=&#8221;on&#8221; gutter_width=&#8221;1&#8243; make_equal=&#8221;on&#8221; _builder_version=&#8221;4.2.2&#8243; custom_padding=&#8221;0px||0px|||&#8221;][et_pb_column type=&#8221;1_3&#8243; _builder_version=&#8221;4.2.2&#8243; background_color=&#8221;#f4fbff&#8221; custom_padding=&#8221;40px||40px||true|false&#8221;][et_pb_image src=&#8221;http:\/\/euofchurch.org\/wp-content\/uploads\/2020\/02\/logo-blue.png&#8221; align=&#8221;center&#8221; _builder_version=&#8221;4.0.9&#8243; custom_margin=&#8221;||15px|||&#8221;][\/et_pb_image][et_pb_text _builder_version=&#8221;4.2.2&#8243; text_text_color=&#8221;#48a4db&#8221; text_orientation=&#8221;center&#8221; custom_padding=&#8221;|60px|24px|60px|false|true&#8221;]<\/p>\n<p class=\"block\">Train up a child in the way he should go: and when he is old, he will not depart from it.<\/p>\n<p>[\/et_pb_text][et_pb_text _builder_version=&#8221;4.2.2&#8243; text_font=&#8221;|||on|||||&#8221; text_text_color=&#8221;#48a4db&#8221; text_font_size=&#8221;11px&#8221; text_orientation=&#8221;center&#8221;]<\/p>\n<p class=\"p1\"><span class=\"s1\"><b>Proverbs 22:6<\/b><\/span><\/p>\n<p>[\/et_pb_text][\/et_pb_column][et_pb_column type=&#8221;2_3&#8243; _builder_version=&#8221;4.2.2&#8243;][et_pb_image src=&#8221;http:\/\/euofchurch.org\/wp-content\/uploads\/2020\/03\/footer-pic-school-1.jpg&#8221; url=&#8221;\/la-chapelle-school\/&#8221; _builder_version=&#8221;4.2.2&#8243;][\/et_pb_image][\/et_pb_column][\/et_pb_row][\/et_pb_section][et_pb_section fb_built=&#8221;1&#8243; _builder_version=&#8221;4.0.9&#8243; custom_padding=&#8221;0px|||||&#8221; global_module=&#8221;157&#8243; collapsed=&#8221;off&#8221;][et_pb_row column_structure=&#8221;1_3,1_3,1_3&#8243; use_custom_gutter=&#8221;on&#8221; gutter_width=&#8221;1&#8243; _builder_version=&#8221;4.2.2&#8243; max_width=&#8221;600px&#8221; module_alignment=&#8221;center&#8221;][et_pb_column type=&#8221;1_3&#8243; _builder_version=&#8221;4.2.2&#8243;][et_pb_image src=&#8221;http:\/\/euofchurch.org\/wp-content\/uploads\/2020\/03\/icon-ig.jpg&#8221; url=&#8221;https:\/\/www.instagram.com\/euofchurch\/&#8221; url_new_window=&#8221;on&#8221; align=&#8221;center&#8221; _builder_version=&#8221;4.2.2&#8243; custom_margin=&#8221;|50px||50px|false|true&#8221; custom_margin_tablet=&#8221;|190px||190px|false|true&#8221; custom_margin_phone=&#8221;|110px||110px|false|true&#8221; custom_margin_last_edited=&#8221;on|phone&#8221;][\/et_pb_image][\/et_pb_column][et_pb_column type=&#8221;1_3&#8243; _builder_version=&#8221;4.2.2&#8243;][et_pb_image src=&#8221;http:\/\/euofchurch.org\/wp-content\/uploads\/2020\/03\/icon-facebook.jpg&#8221; url=&#8221;https:\/\/www.facebook.com\/euofchurch\/&#8221; url_new_window=&#8221;on&#8221; align=&#8221;center&#8221; _builder_version=&#8221;4.2.2&#8243; custom_margin=&#8221;|50px||50px|false|true&#8221; custom_margin_tablet=&#8221;|190px||190px|false|true&#8221; custom_margin_phone=&#8221;|110px||110px|false|true&#8221; custom_margin_last_edited=&#8221;on|phone&#8221;][\/et_pb_image][\/et_pb_column][et_pb_column type=&#8221;1_3&#8243; _builder_version=&#8221;4.2.2&#8243;][et_pb_image src=&#8221;http:\/\/euofchurch.org\/wp-content\/uploads\/2020\/03\/icon-tithely.jpg&#8221; url=&#8221;https:\/\/tithe.ly\/give_new\/www\/#\/tithely\/give-one-time\/862506&#8243; url_new_window=&#8221;on&#8221; align=&#8221;center&#8221; _builder_version=&#8221;4.2.2&#8243; custom_margin=&#8221;|50px||50px|false|true&#8221; custom_margin_tablet=&#8221;|190px||190px|false|true&#8221; custom_margin_phone=&#8221;|110px||110px|false|true&#8221; custom_margin_last_edited=&#8221;on|phone&#8221;][\/et_pb_image][\/et_pb_column][\/et_pb_row][et_pb_row _builder_version=&#8221;4.2.2&#8243; custom_padding=&#8221;0px|||||&#8221;][et_pb_column type=&#8221;4_4&#8243; _builder_version=&#8221;4.2.2&#8243;][et_pb_divider color=&#8221;#48a4db&#8221; divider_position=&#8221;center&#8221; _builder_version=&#8221;4.2.2&#8243;][\/et_pb_divider][et_pb_image src=&#8221;http:\/\/euofchurch.org\/wp-content\/uploads\/2020\/01\/euof-logo-e1580748467319.png&#8221; align=&#8221;center&#8221; _builder_version=&#8221;4.2.2&#8243; custom_margin=&#8221;||15px|||&#8221;][\/et_pb_image][et_pb_text _builder_version=&#8221;4.2.2&#8243; header_text_align=&#8221;center&#8221; header_font_size=&#8221;18px&#8221; custom_margin=&#8221;||-2px|||&#8221;]<\/p>\n<h1>Evangelical Union of Fisherman<\/h1>\n<p>[\/et_pb_text][et_pb_text _builder_version=&#8221;4.2.2&#8243; text_font_size=&#8221;14px&#8221; text_line_height=&#8221;1.5em&#8221; header_text_align=&#8221;center&#8221; header_font_size=&#8221;18px&#8221; text_orientation=&#8221;center&#8221;]<\/p>\n<p><span>4311 SW Darwin Blvd.<\/span><br \/> <span>Port Saint Lucie, Florida 34953<\/span><\/p>\n<p>[\/et_pb_text][et_pb_code _builder_version=&#8221;4.2.2&#8243; text_orientation=&#8221;center&#8221;]<\/p>\n<form action=\"https:\/\/www.paypal.com\/cgi-bin\/webscr\" method=\"post\" target=\"_top\"><!-- [et_pb_line_break_holder] --><input type=\"hidden\" name=\"cmd\" value=\"_s-xclick\" \/><!-- [et_pb_line_break_holder] --><input type=\"hidden\" name=\"hosted_button_id\" value=\"62Q85LC2SZ642\" \/><!-- [et_pb_line_break_holder] --><input type=\"image\" src=\"https:\/\/www.paypalobjects.com\/en_US\/i\/btn\/btn_donateCC_LG.gif\" border=\"0\" name=\"submit\" title=\"PayPal - The safer, easier way to pay online!\" alt=\"Donate with PayPal button\" \/><!-- [et_pb_line_break_holder] --><img loading=\"lazy\" decoding=\"async\" alt=\"\" border=\"0\" src=\"https:\/\/www.paypal.com\/en_US\/i\/scr\/pixel.gif\" width=\"1\" height=\"1\" \/><!-- [et_pb_line_break_holder] --><\/form>\n<p>[\/et_pb_code][\/et_pb_column][\/et_pb_row][\/et_pb_section]<\/p>","protected":false},"excerpt":{"rendered":"<p>[et_pb_section fb_built=&#8221;1&#8243; _builder_version=&#8221;4.0.9&#8243; background_image=&#8221;http:\/\/euofchurch.org\/wp-content\/uploads\/2020\/01\/color-strip.png&#8221; background_size=&#8221;contain&#8221; background_position=&#8221;top_center&#8221; custom_padding=&#8221;||45px|||&#8221;][et_pb_row column_structure=&#8221;3_5,2_5&#8243; _builder_version=&#8221;4.0.9&#8243; custom_margin=&#8221;40px|auto||auto||&#8221;][et_pb_column type=&#8221;3_5&#8243; _builder_version=&#8221;4.0.9&#8243;][et_pb_text _builder_version=&#8221;4.2.2&#8243; header_2_font=&#8221;|600|||||||&#8221; header_2_font_size=&#8221;32px&#8221; custom_margin=&#8221;||8px|||&#8221;] La Chapelle\u00a0School [\/et_pb_text][et_pb_text _builder_version=&#8221;4.2.2&#8243; text_text_color=&#8221;#48a4db&#8221;] The Institution of Provide Providence K-8 in LaChapelle Haiti [\/et_pb_text][et_pb_text _builder_version=&#8221;4.2.2&#8243; text_line_height=&#8221;1.8em&#8221;] The Institution of Provide Providence K-8 in LaChapelle Haiti, is a christian school for underprivileged children that is\u00a0an extension of our sister [&hellip;]<\/p>","protected":false},"author":1,"featured_media":0,"parent":0,"menu_order":0,"comment_status":"closed","ping_status":"closed","template":"","meta":{"_et_pb_use_builder":"on","_et_pb_old_content":"","_et_gb_content_width":"","footnotes":""},"class_list":["post-371","page","type-page","status-publish","hentry"],"_links":{"self":[{"href":"https:\/\/euofchurch.org\/fr\/wp-json\/wp\/v2\/pages\/371","targetHints":{"allow":["GET"]}}],"collection":[{"href":"https:\/\/euofchurch.org\/fr\/wp-json\/wp\/v2\/pages"}],"about":[{"href":"https:\/\/euofchurch.org\/fr\/wp-json\/wp\/v2\/types\/page"}],"author":[{"embeddable":true,"href":"https:\/\/euofchurch.org\/fr\/wp-json\/wp\/v2\/users\/1"}],"replies":[{"embeddable":true,"href":"https:\/\/euofchurch.org\/fr\/wp-json\/wp\/v2\/comments?post=371"}],"version-history":[{"count":12,"href":"https:\/\/euofchurch.org\/fr\/wp-json\/wp\/v2\/pages\/371\/revisions"}],"predecessor-version":[{"id":615,"href":"https:\/\/euofchurch.org\/fr\/wp-json\/wp\/v2\/pages\/371\/revisions\/615"}],"wp:attachment":[{"href":"https:\/\/euofchurch.org\/fr\/wp-json\/wp\/v2\/media?parent=371"}],"curies":[{"name":"wp","href":"https:\/\/api.w.org\/{rel}","templated":true}]}}